{"id":55872,"date":"2022-12-17T17:36:09","date_gmt":"2022-12-17T16:36:09","guid":{"rendered":"https:\/\/cchr.ch\/?page_id=55872"},"modified":"2022-12-17T17:36:09","modified_gmt":"2022-12-17T16:36:09","slug":"links","status":"publish","type":"page","link":"https:\/\/cchr.ch\/?page_id=55872","title":{"rendered":"Links"},"content":{"rendered":"<section data-vc-full-width=\"true\" data-vc-full-width-init=\"false\" class=\"vc_row wpb_row vc_row-fluid   wow fadeIn pofo-stretch-content pofo-stretch-row-container pofo-row-responsive-69f54c499e576\"><div class=\"wpb_column vc_column_container vc_col-sm-12  col-xs-mobile-fullwidth text-center pofo-column-responsive-69f54c499e634\"><div class=\"vc_column-inner vc_custom_1617295140907\"><div class=\"wpb_wrapper\"><div class=\"text-medium-gray text-small margin-5px-bottom alt-font text-uppercase heading-style4  vc_custom_1615209616975  heading-1\" >Citizens Commission on Human Rights<\/div><h5 class=\"text-extra-dark-gray margin-20px-bottom font-weight-600 display-inline-block alt-font text-uppercase heading-style2  vc_custom_1671294787830  heading-2\"  style=\"font-weight: 700; color: #000000;\">LINKS<\/h5><\/div><\/div><\/div><\/section><div class=\"vc_row-full-width vc_clearfix\"><\/div><section data-vc-full-width=\"true\" data-vc-full-width-init=\"false\" class=\"vc_row wpb_row vc_row-fluid   wow fadeIn pofo-stretch-content pofo-stretch-row-container\"><div class=\"wpb_column vc_column_container vc_col-sm-12  col-xs-mobile-fullwidth text-center pofo-column-responsive-69f54c499e7bd\"><div class=\"vc_column-inner vc_custom_1507008676709\"><div class=\"wpb_wrapper\"><div class=\"text-medium-gray text-small margin-5px-bottom alt-font text-uppercase heading-style4  vc_custom_1615209616975  heading-3\" >Citizens Commission on Human Rights<\/div><h5 class=\"text-extra-dark-gray margin-20px-bottom font-weight-600 display-inline-block alt-font text-uppercase heading-style2  vc_custom_1615209633813  heading-4\"  style=\"font-weight: 700; color: #000000;\">CCHR SCHWEIZ<\/h5><div class=\"separator-line-horrizontal-full bg-extra-light-gray center-col pofo-separator  vc_custom_1615216112574\" style=\"background-color:#8e2125; width: 100px;\"><\/div><\/div><\/div><\/div><div class=\"wpb_column vc_column_container vc_col-sm-4 vc_col-md-4 vc_col-xs-12 wow fadeInUp text-center pofo-column-responsive-69f54c499e8b2\"><div class=\"vc_column-inner \"><div class=\"wpb_wrapper\"><h5 class=\"text-extra-dark-gray margin-20px-bottom font-weight-600 display-inline-block alt-font text-uppercase heading-style2  vc_custom_1617051081730  heading-5\"  style=\"font-weight: 700; color: #000000;\"><a class=\"text-extra-dark-gray heading-title-link\" href=\"https:\/\/www.cchr.ch\/wpDev\/about\">WER WIR SIND<\/a><\/h5><div class=\"team-block feature-box-15 featurebox26-1 featurebox26 pofo-featurebox\" ><figure><div class=\"feature-box-content xs-width-100\"><div class=\"feature-box-image\"><img loading=\"lazy\" decoding=\"async\" src=\"https:\/\/i0.wp.com\/cchr.ch\/wp-content\/uploads\/2021\/04\/citizens-commission-on-human-rights-about-us-exterior-banner_de.jpg?fit=360%2C173&#038;ssl=1\" width=\"360\" height=\"173\"  alt=\"\" srcset=\"https:\/\/i0.wp.com\/cchr.ch\/wp-content\/uploads\/2021\/04\/citizens-commission-on-human-rights-about-us-exterior-banner_de.jpg?w=360&amp;ssl=1 360w, https:\/\/i0.wp.com\/cchr.ch\/wp-content\/uploads\/2021\/04\/citizens-commission-on-human-rights-about-us-exterior-banner_de.jpg?resize=300%2C144&amp;ssl=1 300w, https:\/\/i0.wp.com\/cchr.ch\/wp-content\/uploads\/2021\/04\/citizens-commission-on-human-rights-about-us-exterior-banner_de.jpg?resize=120%2C58&amp;ssl=1 120w, https:\/\/i0.wp.com\/cchr.ch\/wp-content\/uploads\/2021\/04\/citizens-commission-on-human-rights-about-us-exterior-banner_de.jpg?resize=81%2C39&amp;ssl=1 81w\" sizes=\"auto, (max-width: 360px) 100vw, 360px\" class=\"icon-image\"\/><\/div><div class=\"hover-content bg-deep-pink\"><div class=\"display-table height-100 width-100\"><div class=\"vertical-align-middle display-table-cell padding-twelve-lr\"><div class=\"text-white display-inline-block last-paragraph-no-margin \"><h6><span style=\"color: #ffffff;\"><a style=\"color: #ffffff;\" href=\"https:\/\/cchr.ch\/about\/\">LERNEN SIE UNS KENNEN<\/a><\/span><\/h6>\n<\/div><\/div><\/div><\/div><\/div><figcaption><div class=\"margin-25px-top\"><div class=\"width-90 sm-width-100 display-inline-block\" style=\"font-size: 16px; color: #000000;\" data-fontsize=\"16px\">Die Citizens Commission on Human Rights (CCHR) ist ein gemeinn\u00fctziges Gremium zur \u00dcberwachung des psychiatrischen Systems, das Menschen vor missbr\u00e4uchlichen Praktiken und Zwangsma\u00dfnahmen sch\u00fctzt.<\/div><\/div><\/figcaption><\/figure><\/div><\/div><\/div><\/div><div class=\"wpb_column vc_column_container vc_col-sm-4 vc_col-md-4 vc_col-xs-12 wow fadeInUp text-center pofo-column-responsive-69f54c499f08f\" data-wow-delay= 200ms><div class=\"vc_column-inner \"><div class=\"wpb_wrapper\"><h5 class=\"text-extra-dark-gray margin-20px-bottom font-weight-600 display-inline-block alt-font text-uppercase heading-style2  vc_custom_1617296412811  heading-6\"  style=\"font-weight: 700; color: #000000;\"><a class=\"text-extra-dark-gray heading-title-link\" href=\"https:\/\/cchr.ch\/wpDev\/fakten\/\">FAKTEN<\/a><\/h5><div class=\"team-block feature-box-15 featurebox26-2 featurebox26 pofo-featurebox\" ><figure><div class=\"feature-box-content xs-width-100\"><div class=\"feature-box-image\"><img loading=\"lazy\" decoding=\"async\" src=\"https:\/\/i0.wp.com\/cchr.ch\/wp-content\/uploads\/2021\/04\/danylo-suprun-XCwsOj_RUjE-unsplash.jpg?fit=360%2C173&#038;ssl=1\" width=\"360\" height=\"173\"  alt=\"\" srcset=\"https:\/\/i0.wp.com\/cchr.ch\/wp-content\/uploads\/2021\/04\/danylo-suprun-XCwsOj_RUjE-unsplash.jpg?w=360&amp;ssl=1 360w, https:\/\/i0.wp.com\/cchr.ch\/wp-content\/uploads\/2021\/04\/danylo-suprun-XCwsOj_RUjE-unsplash.jpg?resize=300%2C144&amp;ssl=1 300w, https:\/\/i0.wp.com\/cchr.ch\/wp-content\/uploads\/2021\/04\/danylo-suprun-XCwsOj_RUjE-unsplash.jpg?resize=120%2C58&amp;ssl=1 120w, https:\/\/i0.wp.com\/cchr.ch\/wp-content\/uploads\/2021\/04\/danylo-suprun-XCwsOj_RUjE-unsplash.jpg?resize=81%2C39&amp;ssl=1 81w\" sizes=\"auto, (max-width: 360px) 100vw, 360px\" class=\"icon-image\"\/><\/div><div class=\"hover-content bg-deep-pink\"><div class=\"display-table height-100 width-100\"><div class=\"vertical-align-middle display-table-cell padding-twelve-lr\"><div class=\"text-white display-inline-block last-paragraph-no-margin \"><h6><span style=\"color: #ffffff;\"><a style=\"color: #ffffff;\" href=\"https:\/\/cchr.ch\/fakten\/\">ERFAHREN SIE DIE FAKTEN<\/a><\/span><\/h6>\n<\/div><\/div><\/div><\/div><\/div><figcaption><div class=\"margin-25px-top\"><div class=\"width-90 sm-width-100 display-inline-block\" style=\"font-size: 16px; color: #000000;\" data-fontsize=\"16px\">Was sind die Fakten und Informationen die Sie wissen m\u00fcssen. Machen Sie sich ein eigenes Bild.<\/div><\/div><\/figcaption><\/figure><\/div><\/div><\/div><\/div><div class=\"wpb_column vc_column_container vc_col-sm-4 vc_col-md-4 vc_col-xs-12 wow fadeInUp text-center pofo-column-responsive-69f54c499f51c\" data-wow-delay= 400ms><div class=\"vc_column-inner vc_custom_1615213515064\"><div class=\"wpb_wrapper\"><h5 class=\"text-extra-dark-gray margin-20px-bottom font-weight-600 display-inline-block alt-font text-uppercase heading-style2  vc_custom_1617309768239  heading-7\"  style=\"font-weight: 700; color: #000000;\"><a class=\"text-extra-dark-gray heading-title-link\" href=\"https:\/\/cchr.ch\/wpDev\/bericht\/\">BERICHTEN SIE PSYCHIATRISCHE MISSBR\u00c4UCHE<\/a><\/h5><div class=\"team-block feature-box-15 featurebox26-3 featurebox26 pofo-featurebox\" ><figure><div class=\"feature-box-content xs-width-100\"><div class=\"feature-box-image\"><img loading=\"lazy\" decoding=\"async\" src=\"https:\/\/i0.wp.com\/cchr.ch\/wp-content\/uploads\/2021\/04\/cchr-int-report-abuse_de.jpg?fit=360%2C173&#038;ssl=1\" width=\"360\" height=\"173\"  alt=\"\" srcset=\"https:\/\/i0.wp.com\/cchr.ch\/wp-content\/uploads\/2021\/04\/cchr-int-report-abuse_de.jpg?w=360&amp;ssl=1 360w, https:\/\/i0.wp.com\/cchr.ch\/wp-content\/uploads\/2021\/04\/cchr-int-report-abuse_de.jpg?resize=300%2C144&amp;ssl=1 300w, https:\/\/i0.wp.com\/cchr.ch\/wp-content\/uploads\/2021\/04\/cchr-int-report-abuse_de.jpg?resize=120%2C58&amp;ssl=1 120w, https:\/\/i0.wp.com\/cchr.ch\/wp-content\/uploads\/2021\/04\/cchr-int-report-abuse_de.jpg?resize=81%2C39&amp;ssl=1 81w\" sizes=\"auto, (max-width: 360px) 100vw, 360px\" class=\"icon-image\"\/><\/div><div class=\"hover-content bg-deep-pink\"><div class=\"display-table height-100 width-100\"><div class=\"vertical-align-middle display-table-cell padding-twelve-lr\"><div class=\"text-white display-inline-block last-paragraph-no-margin \"><h6><span style=\"color: #ffffff;\"><a style=\"color: #ffffff;\" href=\"https:\/\/cchr.ch\/bericht\/\">SENDEN SIE EINEN BERICHT<\/a><\/span><\/h6>\n<\/div><\/div><\/div><\/div><\/div><figcaption><div class=\"margin-25px-top\"><div class=\"width-90 sm-width-100 display-inline-block\" style=\"font-size: 16px; color: #000000;\" data-fontsize=\"16px\">M\u00f6chten Sie etwas berichten? Brauchen Sie unsere Hilfe? Wir stehen f\u00fcr Sie und ihre Rechte ein.<\/div><\/div><\/figcaption><\/figure><\/div><\/div><\/div><\/div><\/section><div class=\"vc_row-full-width vc_clearfix\"><\/div>\n","protected":false},"excerpt":{"rendered":"Citizens Commission on Human RightsLINKSCitizens Commission on Human RightsCCHR SCHWEIZWER WIR SINDLERNEN SIE UNS KENNEN Die Citizens Commission on Human Rights (CCHR) ist ein gemeinn\u00fctziges Gremium zur \u00dcberwachung des psychiatrischen Systems, das Menschen vor missbr\u00e4uchlichen Praktiken und Zwangsma\u00dfnahmen sch\u00fctzt.FAKTENERFAHREN SIE DIE FAKTEN Was sind die Fakten und Informationen die Sie wissen m\u00fcssen. Machen Sie sich ein eigenes Bild.BERICHTEN SIE PSYCHIATRISCHE MISSBR\u00c4UCHESENDEN SIE EINEN BERICHT M\u00f6chten Sie etwas berichten? Brauchen Sie unsere Hilfe? Wir stehen f\u00fcr Sie und ihre Rechte ein.","protected":false},"author":1,"featured_media":0,"parent":0,"menu_order":0,"comment_status":"closed","ping_status":"closed","template":"","meta":{"footnotes":""},"class_list":["post-55872","page","type-page","status-publish","hentry"],"jetpack_sharing_enabled":true,"_links":{"self":[{"href":"https:\/\/cchr.ch\/index.php?rest_route=\/wp\/v2\/pages\/55872","targetHints":{"allow":["GET"]}}],"collection":[{"href":"https:\/\/cchr.ch\/index.php?rest_route=\/wp\/v2\/pages"}],"about":[{"href":"https:\/\/cchr.ch\/index.php?rest_route=\/wp\/v2\/types\/page"}],"author":[{"embeddable":true,"href":"https:\/\/cchr.ch\/index.php?rest_route=\/wp\/v2\/users\/1"}],"replies":[{"embeddable":true,"href":"https:\/\/cchr.ch\/index.php?rest_route=%2Fwp%2Fv2%2Fcomments&post=55872"}],"version-history":[{"count":1,"href":"https:\/\/cchr.ch\/index.php?rest_route=\/wp\/v2\/pages\/55872\/revisions"}],"predecessor-version":[{"id":55874,"href":"https:\/\/cchr.ch\/index.php?rest_route=\/wp\/v2\/pages\/55872\/revisions\/55874"}],"wp:attachment":[{"href":"https:\/\/cchr.ch\/index.php?rest_route=%2Fwp%2Fv2%2Fmedia&parent=55872"}],"curies":[{"name":"wp","href":"https:\/\/api.w.org\/{rel}","templated":true}]}}