{"id":22871,"date":"2021-04-25T22:31:05","date_gmt":"2021-04-25T20:31:05","guid":{"rendered":"https:\/\/cchr.ch\/?page_id=22871"},"modified":"2021-04-29T19:47:08","modified_gmt":"2021-04-29T17:47:08","slug":"patientenverfuegung","status":"publish","type":"page","link":"https:\/\/cchr.ch\/?page_id=22871","title":{"rendered":"Patientenverf\u00fcgung"},"content":{"rendered":"<section data-vc-full-width=\"true\" data-vc-full-width-init=\"false\" class=\"vc_row wpb_row vc_row-fluid   wow fadeIn pofo-stretch-content pofo-stretch-row-container pofo-row-responsive-6a02484a75b52\"><div class=\"wpb_column vc_column_container vc_col-sm-12  col-xs-mobile-fullwidth text-center pofo-column-responsive-6a02484a75c63\"><div class=\"vc_column-inner vc_custom_1617295140907\"><div class=\"wpb_wrapper\"><div class=\"text-medium-gray text-small margin-5px-bottom alt-font text-uppercase heading-style4  vc_custom_1618866578589  heading-1\" >Citizens Commission on Human Rights<\/div><h5 class=\"text-extra-dark-gray margin-20px-bottom font-weight-600 display-inline-block alt-font text-uppercase heading-style2  vc_custom_1619380474952  heading-2\"  style=\"font-weight: 700; color: #000000;\">PATIENTENVERF\u00dcGUNG GEGEN PSYCHIATRISCHEN MISSBRAUCH<\/h5><div class=\"separator-line-horrizontal-full bg-extra-light-gray center-col pofo-separator  vc_custom_1618866840122\" style=\"background-color:#8e2125; width: 100px;\"><\/div><div class=\"vc_row wpb_row vc_inner vc_row-fluid\"><div class=\"wpb_column vc_column_container vc_col-sm-6  col-xs-mobile-fullwidth\"><div class=\"vc_column-inner \"><div class=\"wpb_wrapper\"><div class=\"last-paragraph-no-margin\"><p style=\"text-align: left;\">Johann M.* hatte einen schlimmen Arbeitstag. Ein Auftrag wurde<br \/>\nabgelehnt und der Chef beschuldigte ihn der Unf\u00e4higkeit.<br \/>\nEr ging nach der Arbeit ins Bahnhofbuffet und trank zuviel Bier.<br \/>\nEs entwickelte sich ein Streit mit dem Personal. Johann M. fing<br \/>\nan zu schreien und wurde ausf\u00e4llig, weshalb man die Polizei<br \/>\naufbieten musste. Die Situation eskalierte und die Polizei \u00fcberf\u00fchrte<br \/>\nJohann M. in die psychiatrische Notfallaufnahme. Dort<br \/>\nwurde er mit Psychopharmaka ruhig gespritzt.<\/p>\n<p style=\"text-align: left;\"><strong>Johann M. hatte bisher keine psychische Probleme, noch<\/strong><br \/>\n<strong>war er in psychiatrischer Behandlung. Die starken Psychopharmaka<\/strong><br \/>\n<strong>mit ihren Nebenwirkungen l\u00f6sten aber bei ihm<\/strong><br \/>\n<strong>eine psychische Instabilit\u00e4t aus und sein Leben erlitt durch<\/strong><br \/>\n<strong>die Behandlung mit Psychopharmaka eine fatale Wendung.<\/strong><br \/>\n<strong>Johann M. war sicherlich in einem Zustand geschw\u00e4chter<\/strong><br \/>\n<strong>Urteilsf\u00e4higkeit. Kann man aber in einer solchen Situation<\/strong><br \/>\n<strong>die eigene Entscheidung, getroffen unter normalen Umst\u00e4nden,<\/strong><br \/>\n<strong>dem medizinischen Personal bekannt geben?<\/strong><br \/>\n<strong>Wie kann man diesen Missbrauch der Psychiatrie, Psychopharmaka<\/strong><br \/>\n<strong>einzusetzen, obwohl die St\u00f6rung vielleicht mit<\/strong><br \/>\n<strong>ein paar Stunden Schlaf behoben worden w\u00e4re, verhindern?<\/strong><\/p>\n<p>&nbsp;<\/p>\n<p style=\"text-align: left;\">*Name der Redaktion bekannt.<\/p>\n<\/div><\/div><\/div><\/div><div class=\"wpb_column vc_column_container vc_col-sm-6  col-xs-mobile-fullwidth\"><div class=\"vc_column-inner \"><div class=\"wpb_wrapper\"><div class=\"last-paragraph-no-margin\"><p style=\"text-align: left;\">Mit einer <strong>Patientenverf\u00fcgung<\/strong> h\u00e4tte Johann M. seinen<br \/>\nEntscheid \u00e4ussern k\u00f6nnen: Ablehnung von Psychopharmaka<br \/>\nund statt dessen durch Einnahme von nat\u00fcrlichen<br \/>\nHeilmittel und Ruhe wieder stabilisiert werden.<\/p>\n<p style=\"text-align: left;\"><strong>Was ist eine Patientenverf\u00fcgung?<\/strong><\/p>\n<p style=\"text-transform: uppercase; text-align: left;\"><strong><sup>1<\/sup> Eine urteilsf\u00e4hige Person kann in einer Patientenverf\u00fcgung<\/strong><br \/>\n<strong>festlegen, welchen medizinischen Massnahmen sie im Fall ihrer<\/strong><br \/>\n<strong>Urteilsunf\u00e4higkeit zustimmt oder nicht zustimmt.<\/strong><br \/>\n<strong><sup>2<\/sup> Sie kann auch eine nat\u00fcrliche Person bezeichnen, die im Fall<\/strong><br \/>\n<strong>ihrer Urteilsunf\u00e4higkeit mit der behandelnden \u00c4rztin oder dem<\/strong><br \/>\n<strong>behandelnden Arzt die medizinischen Massnahmen besprechen<\/strong><br \/>\n<strong>und in ihrem Namen entscheiden soll. Sie kann dieser<\/strong><br \/>\n<strong>Person Weisungen erteilen.<\/strong><\/p>\n<p style=\"text-align: left;\">Schweizerisches Zivilgesetzbuch, 19. Dez. 2008<br \/>\n(Erwachsenenschutz, Personenrecht und Kindesrecht), Art. 370.<\/p>\n<p style=\"text-align: left;\"><strong>Wo ist die Patientenverf\u00fcgung rechtskr\u00e4ftig?<\/strong><\/p>\n<p style=\"text-align: left;\"><strong>Die Patientenverf\u00fcgung gilt nicht nur gegen\u00fcber Spit\u00e4lern<\/strong><br \/>\n<strong>oder \u00c4rztinnen und \u00c4rzten, sondern gegen\u00fcber allen Institutionen<\/strong><br \/>\n<strong>und Berufen des Gesundheitswesens. Die Patientenrechte<\/strong><br \/>\n<strong>und insbesondere die Patientenverf\u00fcgung sind<\/strong><br \/>\n<strong>im Kantonalen Gesundheitsgesetz1 geregelt.<\/strong><\/p>\n<p style=\"text-align: left;\"><sup>1<\/sup> Zug hat als erster Kanton am 30. Oktober 2009 die Schweizerische<br \/>\nVorgaben im Kantonalen Gesundheitsgesetz \u00fcbernommen.<\/p>\n<\/div><\/div><\/div><\/div><\/div><div class=\"vc_row wpb_row vc_inner vc_row-fluid  vc_custom_1619382468949\"><div class=\"wpb_column vc_column_container vc_col-sm-12  col-xs-mobile-fullwidth\"><div class=\"vc_column-inner \"><div class=\"wpb_wrapper\"><div class=\"last-paragraph-no-margin\"><h4 style=\"text-align: center;\"><span style=\"color: #b82a30;\"><strong>Die B\u00fcrgerkommission f\u00fcr Menschenrechte, CCHR<\/strong><\/span><br \/>\n<span style=\"color: #b82a30;\"><strong>Schweiz, engagiert sich gegen den Missbrauch der Psychiatrie.<\/strong><\/span><br \/>\n<span style=\"color: #b82a30;\"><strong>Sie k\u00f6nnen eine Patientenverf\u00fcgung im Kreditkartenformat<\/strong><\/span><br \/>\n<span style=\"color: #b82a30;\"><strong>bei CCHR Schweiz bestellen.<\/strong><\/span><\/h4>\n<\/div><\/div><\/div><\/div><\/div><div class=\"vc_row wpb_row vc_inner vc_row-fluid\"><div class=\"wpb_column vc_column_container vc_col-sm-6  col-xs-mobile-fullwidth\"><div class=\"vc_column-inner \"><div class=\"wpb_wrapper\">[vc_single_image image=&#8220;22886&#8243; img_size=&#8220;large&#8220;]<\/div><\/div><\/div><div class=\"wpb_column vc_column_container vc_col-sm-6  col-xs-mobile-fullwidth\"><div class=\"vc_column-inner \"><div class=\"wpb_wrapper\">[vc_single_image image=&#8220;22889&#8243; img_size=&#8220;large&#8220;]<\/div><\/div><\/div><\/div><\/div><\/div><\/div><\/section><div class=\"vc_row-full-width vc_clearfix\"><\/div><section class=\"vc_row wpb_row vc_row-fluid   vc_row-o-content-middle vc_row-flex\"><div class=\"wpb_column vc_column_container vc_col-sm-12  col-xs-mobile-fullwidth text-center\"><div class=\"vc_column-inner \"><div class=\"wpb_wrapper\"><h5 class=\"margin-100px-bottom xs-margin-40px-bottom font-weight-600 display-inline-block alt-font text-extra-small text-outside-line text-uppercase heading-style5  vc_custom_1619382641653  heading-3\"  style=\"font-size: 24px; font-weight: 700; color: #000000;\" data-fontsize=\"24px\">PATIENTENVERF\u00dcGUNG<\/h5><div class=\"vc_row wpb_row vc_inner vc_row-fluid\"><div class=\"wpb_column vc_column_container vc_col-sm-3  col-xs-mobile-fullwidth\"><div class=\"vc_column-inner \"><div class=\"wpb_wrapper\"><\/div><\/div><\/div><div class=\"wpb_column vc_column_container vc_col-sm-6  col-xs-mobile-fullwidth\"><div class=\"vc_column-inner \"><div class=\"wpb_wrapper\">\n<div class=\"wpcf7 no-js\" id=\"wpcf7-f22904-o1\" lang=\"de-DE\" dir=\"ltr\" data-wpcf7-id=\"22904\">\n<div class=\"screen-reader-response\"><p role=\"status\" aria-live=\"polite\" aria-atomic=\"true\"><\/p> <ul><\/ul><\/div>\n<form action=\"\/index.php?rest_route=%2Fwp%2Fv2%2Fpages%2F22871#wpcf7-f22904-o1\" method=\"post\" class=\"wpcf7-form init\" aria-label=\"Kontaktformular\" novalidate=\"novalidate\" data-status=\"init\">\n<fieldset class=\"hidden-fields-container\"><input type=\"hidden\" name=\"_wpcf7\" value=\"22904\" \/><input type=\"hidden\" name=\"_wpcf7_version\" value=\"6.1.5\" \/><input type=\"hidden\" name=\"_wpcf7_locale\" value=\"de_DE\" \/><input type=\"hidden\" name=\"_wpcf7_unit_tag\" value=\"wpcf7-f22904-o1\" \/><input type=\"hidden\" name=\"_wpcf7_container_post\" value=\"0\" \/><input type=\"hidden\" name=\"_wpcf7_posted_data_hash\" value=\"\" \/><input type=\"hidden\" name=\"_wpcf7_recaptcha_response\" value=\"\" \/>\n<\/fieldset>\n<div class=\"wps-form\">\n\t<p><label style=\"float:left\">Personalien des Patienten<\/label>\n\t<\/p>\n\t<div class=\"wps-form-row\">\n\t\t<div class=\"wps-form-column\">\n\t\t<\/div>\n\t<\/div>\n\t<p><label style=\"float:left\">Name<\/label>\n\t<\/p>\n\t<div class=\"wps-form-row\">\n\t\t<div class=\"wps-form-column\">\n\t\t\t<p><span class=\"wpcf7-form-control-wrap\" data-name=\"vorname\"><input size=\"40\" maxlength=\"400\" class=\"wpcf7-form-control wpcf7-text wpcf7-validates-as-required\" aria-required=\"true\" aria-invalid=\"false\" placeholder=\"Vorname*\" value=\"\" type=\"text\" name=\"vorname\" \/><\/span>\n\t\t\t<\/p>\n\t\t<\/div>\n\t\t<div class=\"wps-form-column\">\n\t\t\t<p><span class=\"wpcf7-form-control-wrap\" data-name=\"nachname\"><input size=\"40\" maxlength=\"400\" class=\"wpcf7-form-control wpcf7-text wpcf7-validates-as-required\" aria-required=\"true\" aria-invalid=\"false\" placeholder=\"Nachname*\" value=\"\" type=\"text\" name=\"nachname\" \/><\/span>\n\t\t\t<\/p>\n\t\t<\/div>\n\t<\/div>\n\t<p><label style=\"float:left\">Geburtsdatum<\/label>\n\t<\/p>\n\t<div class=\"wps-form-row\">\n\t\t<div class=\"wps-form-column\">\n\t\t\t<p><span class=\"wpcf7-form-control-wrap\" data-name=\"Geburtsdatum\"><input class=\"wpcf7-form-control wpcf7-date wpcf7-validates-as-required wpcf7-validates-as-date\" aria-required=\"true\" aria-invalid=\"false\" placeholder=\"Geburtsdatum*\" value=\"\" type=\"date\" name=\"Geburtsdatum\" \/><\/span>\n\t\t\t<\/p>\n\t\t<\/div>\n\t\t<div class=\"wps-form-column\">\n\t\t<\/div>\n\t<\/div>\n\t<p><label style=\"float:left\">Email<\/label>\n\t<\/p>\n\t<div class=\"wps-form-row\">\n\t\t<div class=\"wps-form-column\">\n\t\t\t<p><span class=\"wpcf7-form-control-wrap\" data-name=\"email\"><input size=\"40\" maxlength=\"400\" class=\"wpcf7-form-control wpcf7-email wpcf7-validates-as-required wpcf7-text wpcf7-validates-as-email\" aria-required=\"true\" aria-invalid=\"false\" placeholder=\"Ihre Email Adresse*\" value=\"\" type=\"email\" name=\"email\" \/><\/span>\n\t\t\t<\/p>\n\t\t<\/div>\n\t\t<div class=\"wps-form-column\">\n\t\t<\/div>\n\t<\/div>\n\t<p><label style=\"float:left\">B\u00fcrgerort<\/label>\n\t<\/p>\n\t<div class=\"wps-form-row\">\n\t\t<div class=\"wps-form-column\">\n\t\t\t<p><span class=\"wpcf7-form-control-wrap\" data-name=\"buergerort\"><input size=\"40\" maxlength=\"400\" class=\"wpcf7-form-control wpcf7-text wpcf7-validates-as-required\" aria-required=\"true\" aria-invalid=\"false\" placeholder=\"B\u00fcrgerort*\" value=\"\" type=\"text\" name=\"buergerort\" \/><\/span>\n\t\t\t<\/p>\n\t\t<\/div>\n\t<\/div>\n\t<p><label style=\"float:left\">Adresse<\/label>\n\t<\/p>\n\t<div class=\"wps-form-row\">\n\t\t<div class=\"wps-form-column\">\n\t\t\t<p><span class=\"wpcf7-form-control-wrap\" data-name=\"strasse\"><input size=\"40\" maxlength=\"400\" class=\"wpcf7-form-control wpcf7-text wpcf7-validates-as-required\" aria-required=\"true\" aria-invalid=\"false\" placeholder=\"Strasse*\" value=\"\" type=\"text\" name=\"strasse\" \/><\/span>\n\t\t\t<\/p>\n\t\t<\/div>\n\t\t<div class=\"wps-form-column\">\n\t\t\t<p><span class=\"wpcf7-form-control-wrap\" data-name=\"hausnummer\"><input size=\"40\" maxlength=\"400\" class=\"wpcf7-form-control wpcf7-text wpcf7-validates-as-required\" aria-required=\"true\" aria-invalid=\"false\" placeholder=\"Hausnummer*\" value=\"\" type=\"text\" name=\"hausnummer\" \/><\/span>\n\t\t\t<\/p>\n\t\t<\/div>\n\t<\/div>\n\t<div class=\"wps-form-row\">\n\t\t<div class=\"wps-form-column\">\n\t\t\t<p><span class=\"wpcf7-form-control-wrap\" data-name=\"plz\"><input size=\"40\" maxlength=\"400\" class=\"wpcf7-form-control wpcf7-text wpcf7-validates-as-required\" aria-required=\"true\" aria-invalid=\"false\" placeholder=\"Postleitzahl*\" value=\"\" type=\"text\" name=\"plz\" \/><\/span>\n\t\t\t<\/p>\n\t\t<\/div>\n\t\t<div class=\"wps-form-column\">\n\t\t\t<p><span class=\"wpcf7-form-control-wrap\" data-name=\"ort\"><input size=\"40\" maxlength=\"400\" class=\"wpcf7-form-control wpcf7-text wpcf7-validates-as-required\" aria-required=\"true\" aria-invalid=\"false\" placeholder=\"Ort*\" value=\"\" type=\"text\" name=\"ort\" \/><\/span>\n\t\t\t<\/p>\n\t\t<\/div>\n\t<\/div>\n\t<p><label style=\"float:left\">Als therapeutischen Vertreter k\u00f6nnen Sie CCHR Schweiz oder eine eigene Vertrauensperson w\u00e4hlen<\/label>\n\t<\/p>\n\t<p><label style=\"float:left\">Personalien des therapeutischen Vertreters<\/label>\n\t<\/p>\n\t<div class=\"wps-form-row\">\n\t\t<div class=\"wps-form-column\">\n\t\t<\/div>\n\t<\/div>\n\t<p><label style=\"float:left\">Name<\/label>\n\t<\/p>\n\t<div class=\"wps-form-row\">\n\t\t<div class=\"wps-form-column\">\n\t\t\t<p><span class=\"wpcf7-form-control-wrap\" data-name=\"vornametherapeutischenVertreters\"><input size=\"40\" maxlength=\"400\" class=\"wpcf7-form-control wpcf7-text\" aria-invalid=\"false\" placeholder=\"Vorname\" value=\"\" type=\"text\" name=\"vornametherapeutischenVertreters\" \/><\/span>\n\t\t\t<\/p>\n\t\t<\/div>\n\t\t<div class=\"wps-form-column\">\n\t\t\t<p><span class=\"wpcf7-form-control-wrap\" data-name=\"nachnametherapeutischenVertreters\"><input size=\"40\" maxlength=\"400\" class=\"wpcf7-form-control wpcf7-text\" aria-invalid=\"false\" placeholder=\"Nachname\" value=\"\" type=\"text\" name=\"nachnametherapeutischenVertreters\" \/><\/span>\n\t\t\t<\/p>\n\t\t<\/div>\n\t<\/div>\n\t<p><label style=\"float:left\">Adresse<\/label>\n\t<\/p>\n\t<div class=\"wps-form-row\">\n\t\t<div class=\"wps-form-column\">\n\t\t\t<p><span class=\"wpcf7-form-control-wrap\" data-name=\"strassetherapeutischenVertreters\"><input size=\"40\" maxlength=\"400\" class=\"wpcf7-form-control wpcf7-text\" aria-invalid=\"false\" placeholder=\"Strasse\" value=\"\" type=\"text\" name=\"strassetherapeutischenVertreters\" \/><\/span>\n\t\t\t<\/p>\n\t\t<\/div>\n\t\t<div class=\"wps-form-column\">\n\t\t\t<p><span class=\"wpcf7-form-control-wrap\" data-name=\"hausnummertherapeutischenVertreters\"><input size=\"40\" maxlength=\"400\" class=\"wpcf7-form-control wpcf7-text\" aria-invalid=\"false\" placeholder=\"Hausnummer\" value=\"\" type=\"text\" name=\"hausnummertherapeutischenVertreters\" \/><\/span>\n\t\t\t<\/p>\n\t\t<\/div>\n\t<\/div>\n\t<div class=\"wps-form-row\">\n\t\t<div class=\"wps-form-column\">\n\t\t\t<p><span class=\"wpcf7-form-control-wrap\" data-name=\"plztherapeutischenVertreters\"><input size=\"40\" maxlength=\"400\" class=\"wpcf7-form-control wpcf7-text\" aria-invalid=\"false\" placeholder=\"Postleitzahl\" value=\"\" type=\"text\" name=\"plztherapeutischenVertreters\" \/><\/span>\n\t\t\t<\/p>\n\t\t<\/div>\n\t\t<div class=\"wps-form-column\">\n\t\t\t<p><span class=\"wpcf7-form-control-wrap\" data-name=\"orttherapeutischenVertreters\"><input size=\"40\" maxlength=\"400\" class=\"wpcf7-form-control wpcf7-text\" aria-invalid=\"false\" placeholder=\"Ort\" value=\"\" type=\"text\" name=\"orttherapeutischenVertreters\" \/><\/span>\n\t\t\t<\/p>\n\t\t<\/div>\n\t<\/div>\n\t<div class=\"wps-form-row\">\n\t\t<div class=\"wps-form-column\">\n\t\t\t<p><span class=\"wpcf7-form-control-wrap\" data-name=\"phonetherapeutischenVertreters\"><input size=\"40\" maxlength=\"400\" class=\"wpcf7-form-control wpcf7-tel wpcf7-text wpcf7-validates-as-tel\" aria-invalid=\"false\" placeholder=\"Telefon\" value=\"\" type=\"tel\" name=\"phonetherapeutischenVertreters\" \/><\/span>\n\t\t\t<\/p>\n\t\t<\/div>\n\t\t<div class=\"wps-form-column\">\n\t\t<\/div>\n\t<\/div>\n\t<p><label style=\"float:left\">ODER<\/label>\n\t<\/p>\n\t<div class=\"wps-form-row\">\n\t\t<div class=\"wps-form-column\">\n\t\t<\/div>\n\t<\/div>\n\t<div class=\"wps-form-row\">\n\t\t<div class=\"wps-form-column\">\n\t\t\t<p><b>CCHR Schweiz als therapeutischen Vertreter?<\/b><span class=\"wpcf7-form-control-wrap\" data-name=\"CCHRSchweizalstherapeutischenVertreter\"><span class=\"wpcf7-form-control wpcf7-checkbox wpcf7-exclusive-checkbox\"><span class=\"wpcf7-list-item first\"><input type=\"checkbox\" name=\"CCHRSchweizalstherapeutischenVertreter\" value=\"Ja\" \/><span class=\"wpcf7-list-item-label\">Ja<\/span><\/span><span class=\"wpcf7-list-item last\"><input type=\"checkbox\" name=\"CCHRSchweizalstherapeutischenVertreter\" value=\"Nein\" \/><span class=\"wpcf7-list-item-label\">Nein<\/span><\/span><\/span><\/span>\n\t\t\t<\/p>\n\t\t<\/div>\n\t<\/div>\n\t<div class=\"wps-form-row\">\n\t\t<div class=\"wps-form-column\">\n\t\t\t<p><b>M\u00f6chte Sie auch Passivmitglied von CCHR werden.<br \/>\nJahresbeitrag Fr. 80.00 (Paar 120.00)?<\/b><span class=\"wpcf7-form-control-wrap\" data-name=\"Passivmitglied\"><span class=\"wpcf7-form-control wpcf7-checkbox wpcf7-exclusive-checkbox\"><span class=\"wpcf7-list-item first\"><input type=\"checkbox\" name=\"Passivmitglied\" value=\"Ja\" \/><span class=\"wpcf7-list-item-label\">Ja<\/span><\/span><span class=\"wpcf7-list-item last\"><input type=\"checkbox\" name=\"Passivmitglied\" value=\"Nein\" \/><span class=\"wpcf7-list-item-label\">Nein<\/span><\/span><\/span><\/span>\n\t\t\t<\/p>\n\t\t<\/div>\n\t<\/div>\n<\/div>\n<p><input class=\"wpcf7-form-control wpcf7-submit has-spinner\" type=\"submit\" value=\"Bestellen\" \/>\n<\/p><p style=\"display: none !important;\" class=\"akismet-fields-container\" data-prefix=\"_wpcf7_ak_\"><label>&#916;<textarea name=\"_wpcf7_ak_hp_textarea\" cols=\"45\" rows=\"8\" maxlength=\"100\"><\/textarea><\/label><input type=\"hidden\" id=\"ak_js_1\" name=\"_wpcf7_ak_js\" value=\"17\"\/><script type=\"text\/javascript\">\n\/* <![CDATA[ *\/\ndocument.getElementById( \"ak_js_1\" ).setAttribute( \"value\", ( new Date() ).getTime() );\n\/* ]]> *\/\n<\/script>\n<\/p><div class=\"wpcf7-response-output\" aria-hidden=\"true\"><\/div>\n<\/form>\n<\/div>\n<\/div><\/div><\/div><div class=\"wpb_column vc_column_container vc_col-sm-3  col-xs-mobile-fullwidth\"><div class=\"vc_column-inner \"><div class=\"wpb_wrapper\"><\/div><\/div><\/div><\/div><\/div><\/div><\/div><\/section>\n","protected":false},"excerpt":{"rendered":"Citizens Commission on Human RightsPATIENTENVERF\u00dcGUNG GEGEN PSYCHIATRISCHEN MISSBRAUCHJohann M.* hatte einen schlimmen Arbeitstag. Ein Auftrag wurde abgelehnt und der Chef beschuldigte ihn der Unf\u00e4higkeit. Er ging nach der Arbeit ins Bahnhofbuffet und trank zuviel Bier. Es entwickelte sich ein Streit mit dem Personal. Johann M. fing an zu schreien und wurde ausf\u00e4llig, weshalb man die Polizei aufbieten musste. Die Situation eskalierte und die Polizei \u00fcberf\u00fchrte Johann M. in die psychiatrische Notfallaufnahme. Dort wurde er mit Psychopharmaka ruhig gespritzt. Johann M. hatte bisher keine psychische Probleme, noch war er in psychiatrischer Behandlung. Die starken Psychopharmaka mit ihren Nebenwirkungen l\u00f6sten aber bei ihm eine psychische Instabilit\u00e4t aus und sein Leben erlitt durch die Behandlung mit Psychopharmaka eine fatale Wendung. Johann M. war sicherlich in einem Zustand geschw\u00e4chter Urteilsf\u00e4higkeit. Kann man aber in einer solchen Situation die eigene Entscheidung, getroffen unter normalen Umst\u00e4nden, dem medizinischen Personal bekannt geben? Wie kann man diesen Missbrauch der Psychiatrie, Psychopharmaka einzusetzen, obwohl die St\u00f6rung vielleicht mit ein paar Stunden Schlaf behoben worden w\u00e4re, verhindern? &nbsp; *Name der Redaktion bekannt. Mit einer Patientenverf\u00fcgung h\u00e4tte Johann M. seinen Entscheid \u00e4ussern k\u00f6nnen: Ablehnung von Psychopharmaka und statt dessen durch Einnahme von nat\u00fcrlichen Heilmittel und Ruhe wieder stabilisiert werden. Was ist...","protected":false},"author":1,"featured_media":0,"parent":0,"menu_order":0,"comment_status":"closed","ping_status":"closed","template":"","meta":{"footnotes":""},"class_list":["post-22871","page","type-page","status-publish","hentry"],"jetpack_sharing_enabled":true,"_links":{"self":[{"href":"https:\/\/cchr.ch\/index.php?rest_route=\/wp\/v2\/pages\/22871","targetHints":{"allow":["GET"]}}],"collection":[{"href":"https:\/\/cchr.ch\/index.php?rest_route=\/wp\/v2\/pages"}],"about":[{"href":"https:\/\/cchr.ch\/index.php?rest_route=\/wp\/v2\/types\/page"}],"author":[{"embeddable":true,"href":"https:\/\/cchr.ch\/index.php?rest_route=\/wp\/v2\/users\/1"}],"replies":[{"embeddable":true,"href":"https:\/\/cchr.ch\/index.php?rest_route=%2Fwp%2Fv2%2Fcomments&post=22871"}],"version-history":[{"count":35,"href":"https:\/\/cchr.ch\/index.php?rest_route=\/wp\/v2\/pages\/22871\/revisions"}],"predecessor-version":[{"id":22908,"href":"https:\/\/cchr.ch\/index.php?rest_route=\/wp\/v2\/pages\/22871\/revisions\/22908"}],"wp:attachment":[{"href":"https:\/\/cchr.ch\/index.php?rest_route=%2Fwp%2Fv2%2Fmedia&parent=22871"}],"curies":[{"name":"wp","href":"https:\/\/api.w.org\/{rel}","templated":true}]}}