{"id":22817,"date":"2021-04-25T15:56:20","date_gmt":"2021-04-25T13:56:20","guid":{"rendered":"https:\/\/cchr.ch\/?page_id=22817"},"modified":"2024-03-04T22:25:55","modified_gmt":"2024-03-04T21:25:55","slug":"datenschutzerklaerung","status":"publish","type":"page","link":"https:\/\/cchr.ch\/?page_id=22817","title":{"rendered":"Datenschutzerkl\u00e4rung"},"content":{"rendered":"<section class=\"vc_row wpb_row vc_row-fluid\"><div class=\"wpb_column vc_column_container  col-xs-mobile-fullwidth\"><div class=\"vc_column-inner \"><div class=\"wpb_wrapper\"><div class=\"last-paragraph-no-margin\"><p>Der Schutz Ihrer pers\u00f6nlichen Daten ist uns sehr wichtig. Wir m\u00f6chten Ihnen den Besuch unserer Website so angenehm und lohnend wie m\u00f6glich gestalten. Wir m\u00f6chten auch, dass sie dem Zugang zu unseren Informationen vertrauen k\u00f6nnen.<\/p>\n<p>Wir f\u00fchlen uns dem Datenschutz und der Datensicherheit in hohem Ma\u00dfe verpflichtet. Daher haben wir die folgende Datenschutzerkl\u00e4rung erstellt.<\/p>\n<p>Jegliche pers\u00f6nlichen Informationen, die auf dieser Website gesammelt werden, einschlie\u00dflich Ihrem Namen, Ihrer E-Mail-Adresse, Anschrift, Telefonnummer sowie jegliche demografischen Informationen werden vertraulich behandelt und nicht an andere Organisationen oder Einzelpersonen au\u00dferhalb der CCHR weitergegeben. Informationen, die auf unseren Formularen \u00fcber Missbrauchsf\u00e4lle angegeben wurden oder Angaben, die zur Anfrage nach weiteren Informationen gemacht wurden, k\u00f6nnen nach unserem eigenen Ermessen an eine lokale CCHR-Ortsgruppe in Ihrer N\u00e4he weitergeleitet werden, wenn diese besser geeignet ist, Ihre Anfrage zu bearbeiten.<\/p>\n<p>Wir werden Ihre pers\u00f6nlichen Informationen niemals an Dritte verkaufen oder diesen zur Verf\u00fcgung stellen, au\u00dfer wie in dieser Datenschutzerkl\u00e4rung beschrieben.<\/p>\n<p>Zur Verwaltung der eingesetzten Cookies und \u00e4hnlichen Technologien (Tracking-Pixel, Web-Beacons etc.) und diesbez\u00fcglicher Einwilligungen setzen wir das Consent Tool &#8222;Real Cookie Banner&#8220; ein. Details zur Funktionsweise von &#8222;Real Cookie Banner&#8220; finden Sie <a href=\"https:\/\/devowl.io\/de\/rcb\/datenverarbeitung\/\">hier.<\/a><\/p>\n<p>Rechtsgrundlagen f\u00fcr die Verarbeitung von personenbezogenen Daten in diesem Zusammenhang sind Art. 6 Abs. 1 lit. c DS-GVO und Art. 6 Abs. 1 lit. f DS-GVO. Unser berechtigtes Interesse ist die Verwaltung der eingesetzten Cookies und \u00e4hnlichen Technologien und der diesbez\u00fcglichen Einwilligungen.<\/p>\n<p>Die Bereitstellung der personenbezogenen Daten ist weder vertraglich vorgeschrieben noch f\u00fcr den Abschluss eines Vertrages notwendig. Du bist nicht verpflichtet die personenbezogenen Daten bereitzustellen. Wenn du die personenbezogenen Daten nicht bereitstellst, k\u00f6nnen wir deine Einwilligungen nicht verwalten.<\/p>\n<p><strong>Datensicherheit<\/strong><\/p>\n<p>Ihre Mitgliedschafts-, Einkaufs- und Spendeninformationen, einschlie\u00dflich jeglicher Kreditkarteninformationen, werden durch die Secure Sockets Layer (SSL) Verschl\u00fcsselungstechnologie gesch\u00fctzt. Wir verwenden diese SSL-Technologie, um zu verhindern, dass solche Informationen w\u00e4hrend der \u00dcbertragung \u00fcber das Internet abgefangen und gelesen werden. Die verschl\u00fcsselten Daten werden auf eine sichere Website \u00fcbertragen, Ihre Informationen werden nur auf zugangsbeschr\u00e4nkten Websites auf zugangsbeschr\u00e4nkten Computern gespeichert.<\/p>\n<p>Obwohl wir jede Anstrengung unternehmen, die Unversehrtheit und Sicherheit unseres Netzwerks und unserer Systeme zu gew\u00e4hrleisten, k\u00f6nnen wir keine Garantie daf\u00fcr abgeben, dass unsere Sicherheitsma\u00dfnahmen nicht von Dritten (Hackern) durchbrochen werden, um auf illegale Weise an diese Informationen zu kommen.<\/p>\n<p><strong>Ausnahmen<\/strong><\/p>\n<p>Wir verpflichten uns, Ihre pers\u00f6nlichen Daten in keiner Weise zu verwenden oder weiterzugeben, die nicht im Zusammenhang mit dem hier beschriebenen Verwendungszweck steht, ohne Ihnen die Gelegenheit zu geben, einer derartigen Verwendung zu widersprechen oder sie anderweitig zu untersagen. Wir k\u00f6nnen jedoch pers\u00f6nliche Daten \u00fcber Sie oder Ihre Benutzung dieser Website offenlegen, falls wir es aus irgendeinem Grund und in unserem alleinigen Ermessen als vern\u00fcnftig erachten. Dazu geh\u00f6ren z.B. gesetzliche Vorgaben, wie etwa der \u201eElectronic Communications Privacy Act\u201c (Gesetz zum Datenschutz bei elektronischer Kommunikation), und beh\u00f6rdliche oder gerichtliche Anfragen; die M\u00f6glichkeit Personen zu identifizieren, zu kontaktieren oder gerichtlich zu belangen, die unsere Nutzungsbedingungen oder andere Nutzungsrichtlinien verletzen; zum ordnungsgem\u00e4\u00dfen Betreiben der Site; oder zum Schutz der CCHR und ihrer Ortsgruppen.<\/p>\n<p><strong>Verpflichtung zum Schutz der Daten von Kindern<\/strong><\/p>\n<p>Der Schutz der Daten von Kindern ist uns ein besonderes Anliegen. Wir verpflichten uns, den \u201eChildren\u2019s Online Privacy Protection Act\u201c (Gesetz zum Schutz der Privatsph\u00e4re von Kindern im Internet) aus dem Jahre 1998 und alle anderen einschl\u00e4gigen Gesetze zu befolgen. Wir empfehlen, dass Kinder die Erlaubnis eines Elternteils einholen, bevor sie uns oder irgend jemand anderem online pers\u00f6nliche Daten senden.<\/p>\n<p><strong>\u00c4nderung der Datenschutzbestimmungen<\/strong><\/p>\n<p>Wir behalten uns das Recht vor, diese Datenschutzerkl\u00e4rung jederzeit zu \u00e4ndern oder zu erg\u00e4nzen, indem wir die revidierte Datenschutzerkl\u00e4rung auf unserer Website ver\u00f6ffentlichen. Die \u00c4nderungen werden jedoch nur die Informationen betreffen, die nach dem Datum der \u00c4nderung unserer Datenschutzerkl\u00e4rung auf unserer Website gesammelt werden, es sei denn, wir weisen ausdr\u00fccklich darauf hin, dass dies nicht der Fall ist.<\/p>\n<p><strong>Fragen und Kommentare<\/strong><\/p>\n<p>Falls Sie irgendwelche Fragen bez\u00fcglich unserer Datenschutzbestimmungen haben,\u00a0<a href=\"mailto:web@cchr.ch\">kontaktieren Sie uns<\/a>\u00a0bitte.<\/p>\n<\/div><\/div><\/div><\/div><\/section>\n","protected":false},"excerpt":{"rendered":"Der Schutz Ihrer pers\u00f6nlichen Daten ist uns sehr wichtig. Wir m\u00f6chten Ihnen den Besuch unserer Website so angenehm und lohnend wie m\u00f6glich gestalten. Wir m\u00f6chten auch, dass sie dem Zugang zu unseren Informationen vertrauen k\u00f6nnen. Wir f\u00fchlen uns dem Datenschutz und der Datensicherheit in hohem Ma\u00dfe verpflichtet. Daher haben wir die folgende Datenschutzerkl\u00e4rung erstellt. Jegliche pers\u00f6nlichen Informationen, die auf dieser Website gesammelt werden, einschlie\u00dflich Ihrem Namen, Ihrer E-Mail-Adresse, Anschrift, Telefonnummer sowie jegliche demografischen Informationen werden vertraulich behandelt und nicht an andere Organisationen oder Einzelpersonen au\u00dferhalb der CCHR weitergegeben. Informationen, die auf unseren Formularen \u00fcber Missbrauchsf\u00e4lle angegeben wurden oder Angaben, die zur Anfrage nach weiteren Informationen gemacht wurden, k\u00f6nnen nach unserem eigenen Ermessen an eine lokale CCHR-Ortsgruppe in Ihrer N\u00e4he weitergeleitet werden, wenn diese besser geeignet ist, Ihre Anfrage zu bearbeiten. Wir werden Ihre pers\u00f6nlichen Informationen niemals an Dritte verkaufen oder diesen zur Verf\u00fcgung stellen, au\u00dfer wie in dieser Datenschutzerkl\u00e4rung beschrieben. Zur Verwaltung der eingesetzten Cookies und \u00e4hnlichen Technologien (Tracking-Pixel, Web-Beacons etc.) und diesbez\u00fcglicher Einwilligungen setzen wir das Consent Tool \"Real Cookie Banner\" ein. Details zur Funktionsweise von \"Real Cookie Banner\" finden Sie hier. Rechtsgrundlagen f\u00fcr die Verarbeitung von personenbezogenen Daten in diesem Zusammenhang sind Art. 6 Abs. 1 lit. c...","protected":false},"author":1,"featured_media":0,"parent":0,"menu_order":0,"comment_status":"closed","ping_status":"closed","template":"","meta":{"footnotes":""},"class_list":["post-22817","page","type-page","status-publish","hentry"],"jetpack_sharing_enabled":true,"_links":{"self":[{"href":"https:\/\/cchr.ch\/index.php?rest_route=\/wp\/v2\/pages\/22817","targetHints":{"allow":["GET"]}}],"collection":[{"href":"https:\/\/cchr.ch\/index.php?rest_route=\/wp\/v2\/pages"}],"about":[{"href":"https:\/\/cchr.ch\/index.php?rest_route=\/wp\/v2\/types\/page"}],"author":[{"embeddable":true,"href":"https:\/\/cchr.ch\/index.php?rest_route=\/wp\/v2\/users\/1"}],"replies":[{"embeddable":true,"href":"https:\/\/cchr.ch\/index.php?rest_route=%2Fwp%2Fv2%2Fcomments&post=22817"}],"version-history":[{"count":4,"href":"https:\/\/cchr.ch\/index.php?rest_route=\/wp\/v2\/pages\/22817\/revisions"}],"predecessor-version":[{"id":76685,"href":"https:\/\/cchr.ch\/index.php?rest_route=\/wp\/v2\/pages\/22817\/revisions\/76685"}],"wp:attachment":[{"href":"https:\/\/cchr.ch\/index.php?rest_route=%2Fwp%2Fv2%2Fmedia&parent=22817"}],"curies":[{"name":"wp","href":"https:\/\/api.w.org\/{rel}","templated":true}]}}