{"id":22677,"date":"2021-04-24T11:02:18","date_gmt":"2021-04-24T09:02:18","guid":{"rendered":"https:\/\/2021.cchr.ch\/?page_id=22677"},"modified":"2021-04-29T19:39:16","modified_gmt":"2021-04-29T17:39:16","slug":"nebenwirkungen","status":"publish","type":"page","link":"https:\/\/cchr.ch\/?page_id=22677","title":{"rendered":"Nebenwirkungen"},"content":{"rendered":"<section data-vc-full-width=\"true\" data-vc-full-width-init=\"false\" class=\"vc_row wpb_row vc_row-fluid   wow fadeIn pofo-stretch-content pofo-stretch-row-container pofo-row-responsive-69f5a139c770a\"><div class=\"wpb_column vc_column_container vc_col-sm-12  col-xs-mobile-fullwidth text-center pofo-column-responsive-69f5a139c77dd\"><div class=\"vc_column-inner vc_custom_1617295140907\"><div class=\"wpb_wrapper\"><div class=\"text-medium-gray text-small margin-5px-bottom alt-font text-uppercase heading-style4  vc_custom_1615209616975  heading-1\" >Citizens Commission on Human Rights<\/div><h5 class=\"text-extra-dark-gray margin-20px-bottom font-weight-600 display-inline-block alt-font text-uppercase heading-style2  vc_custom_1619254862657  heading-2\"  style=\"font-weight: 700; color: #000000;\">NEBENWIRKUNGEN<\/h5><div class=\"separator-line-horrizontal-full bg-extra-light-gray center-col pofo-separator  vc_custom_1617295908189\" style=\"background-color:#8e2125; width: 100px;\"><\/div><h5 class=\"margin-100px-bottom xs-margin-40px-bottom font-weight-600 display-inline-block alt-font  pofo_font_1619357972976 text-extra-small text-outside-line text-uppercase heading-style5  vc_custom_1619357972976  heading-3\"  style=\"font-size: 24px; font-weight: 700; color: #000000;\" data-fontsize=\"24px\">BERICHTEN SIE NEBENWIRKUNGEN VON PSYCHOPHARMAKA<\/h5><div class=\" vc_custom_1619254923574 last-paragraph-no-margin\" style=\"color: #000000;\"><p><strong>Schweiz<\/strong><br \/>\nBerichten Sie Nebenwirkungen von Psychopharmaka an das Schweizerische Heilmittelinstitut Swissmedic. Benutzen Sie dazu das Formular \u201eMeldung einer vermuteten unerw\u00fcnschten Arzneimittelwirkung (UAW)\u201c. Um das Formular herunterzuladen,\u00a0<a href=\"http:\/\/www.swissmedic.ch\/\" target=\"_blank\" rel=\"noopener\">klicken Sie hier<\/a>.<\/p>\n<p><strong>Deutschland<\/strong><br \/>\nBerichten Sie jegliche Ihnen bekannt gewordenen Nebenwirkungen von Psychopharmaka an das Bundesinstitut f\u00fcr Arzneimittel und Medizinprodukte (BfArM). Benutzen Sie dazu den \u201eMeldebogen \u00fcber unerw\u00fcnschte Arzneimittelwirkungen (UAW)\u201c. Um ihn als PDF-Datei herunterzuladen,\u00a0<a href=\"http:\/\/www.bfarm.de\/\" target=\"_blank\" rel=\"noopener\">klicken Sie hier<\/a>.<\/p>\n<p><strong>\u00d6sterreich<\/strong><br \/>\nBerichten Sie Nebenwirkungen von Psychopharmaka an das Bundesamt f\u00fcr Sicherheit im Gesundheitswesen, Abteilung AGES PharmMed. Benutzen Sie dazu das Formular \u201eNebenwirkung Arztmeldung Human\u201c und lassen Sie es von Ihrem Arzt best\u00e4tigen. Um das Formular herunterzuladen,\u00a0<a href=\"http:\/\/www.ages.at\/\" target=\"_blank\" rel=\"noopener\">klicken Sie hier<\/a>.<\/p>\n<p><strong>USA<\/strong><br \/>\nMedWatch ist das Meldesystem der US-Nahrungs- und Arzneimittelbeh\u00f6rde FDA (Food and Drug Administration). Darin werden Verbraucher und \u00c4rzte aufgefordert, gravierende Nebenwirkungen von Medikamenten oder Medizinprodukten zu berichten. Die Berichte werden freiwillig erstattet und spielen f\u00fcr die FDA eine wesentliche Rolle bei der \u00dcberwachung eines zugelassenen Arzneimittels oder Medizinprodukts nach dessen Vermarktung. Die Berichte \u00fcber Nebenwirkungen werden im Vergleich mit den Angaben der pharmazeutischen Hersteller ausgewertet. Dies kann zu Risikoinformationen, \u00c4nderungen der Packungsbeilage mit st\u00e4rkerer Warnung vor Nebenwirkungen oder sogar zur R\u00fccknahme des Medikaments vom Markt f\u00fchren. Deshalb sollten alle Verbraucher unbedingt die Nebenwirkungen von Psychopharmaka berichten.<\/p>\n<p>Um sich beim MedWatch-Berichtssystem der FDA einzuloggen,\u00a0<a href=\"https:\/\/www.accessdata.fda.gov\/scripts\/medwatch\/medwatch-online.htm\" target=\"_blank\" rel=\"noopener\">klicken Sie hier<\/a>.<\/p>\n<p>In vielen anderen L\u00e4ndern gibt es \u00e4hnliche Berichtssysteme, \u00fcber die Sie sich gut informieren sollten, um nachteilige Nebenwirkungen auf Medikamente jeglicher Art berichten zu k\u00f6nnen. Hier sind einige Beispiele:<\/p>\n<p><strong>Gro\u00dfbritannien<\/strong><br \/>\nDie britische Arzneimittelbeh\u00f6rde, die Medicine and Healthcare Products Regulatory Agency (MHRA), f\u00fchrt ein Meldesystem namens \u201eYellow Card\u201c (Gelbe Karte). Um Nebenwirkungen online zu berichten,\u00a0<a href=\"http:\/\/yellowcard.mhra.gov.uk\/\" target=\"_blank\" rel=\"noopener\">klicken Sie hier<\/a>.<\/p>\n<p>HINWEIS: Falls es in Ihrem Land nicht ohne weiteres m\u00f6glich ist, Nebenwirkungen an die Arzneimittelbeh\u00f6rde zu melden, schreiben Sie an die betreffenden Beh\u00f6rden und auch an Ihren Abgeordneten auf Bundesebene. Heben Sie darin die Notwendigkeit hervor, dieses System verbraucherfreundlich zu gestalten. Es sollte leicht sein, solch einen Bericht einzureichen.<\/p>\n<\/div><\/div><\/div><\/div><\/section><div class=\"vc_row-full-width vc_clearfix\"><\/div><section data-vc-full-width=\"true\" data-vc-full-width-init=\"false\" class=\"vc_row wpb_row vc_row-fluid   wow fadeIn pofo-stretch-content pofo-stretch-row-container\"><div class=\"wpb_column vc_column_container vc_col-sm-12  col-xs-mobile-fullwidth text-center pofo-column-responsive-69f5a139c7a65\"><div class=\"vc_column-inner vc_custom_1507008676709\"><div class=\"wpb_wrapper\"><div class=\"text-medium-gray text-small margin-5px-bottom alt-font text-uppercase heading-style4  vc_custom_1615209616975  heading-4\" >Citizens Commission on Human Rights<\/div><h5 class=\"text-extra-dark-gray margin-20px-bottom font-weight-600 display-inline-block alt-font text-uppercase heading-style2  vc_custom_1615209633813  heading-5\"  style=\"font-weight: 700; color: #000000;\">CCHR SCHWEIZ<\/h5><div class=\"separator-line-horrizontal-full bg-extra-light-gray center-col pofo-separator  vc_custom_1615216112574\" style=\"background-color:#8e2125; width: 100px;\"><\/div><\/div><\/div><\/div><div class=\"wpb_column vc_column_container vc_col-sm-4 vc_col-md-4 vc_col-xs-12 wow fadeInUp text-center pofo-column-responsive-69f5a139c7b46\"><div class=\"vc_column-inner \"><div class=\"wpb_wrapper\"><h5 class=\"text-extra-dark-gray margin-20px-bottom font-weight-600 display-inline-block alt-font text-uppercase heading-style2  vc_custom_1617051081730  heading-6\"  style=\"font-weight: 700; color: #000000;\"><a class=\"text-extra-dark-gray heading-title-link\" href=\"https:\/\/www.cchr.ch\/wpDev\/about\">WER WIR SIND<\/a><\/h5><div class=\"team-block feature-box-15 featurebox26-1 featurebox26 pofo-featurebox\" ><figure><div class=\"feature-box-content xs-width-100\"><div class=\"feature-box-image\"><img loading=\"lazy\" decoding=\"async\" src=\"https:\/\/i0.wp.com\/cchr.ch\/wp-content\/uploads\/2021\/04\/citizens-commission-on-human-rights-about-us-exterior-banner_de.jpg?fit=360%2C173&#038;ssl=1\" width=\"360\" height=\"173\"  alt=\"\" srcset=\"https:\/\/i0.wp.com\/cchr.ch\/wp-content\/uploads\/2021\/04\/citizens-commission-on-human-rights-about-us-exterior-banner_de.jpg?w=360&amp;ssl=1 360w, https:\/\/i0.wp.com\/cchr.ch\/wp-content\/uploads\/2021\/04\/citizens-commission-on-human-rights-about-us-exterior-banner_de.jpg?resize=300%2C144&amp;ssl=1 300w, https:\/\/i0.wp.com\/cchr.ch\/wp-content\/uploads\/2021\/04\/citizens-commission-on-human-rights-about-us-exterior-banner_de.jpg?resize=120%2C58&amp;ssl=1 120w, https:\/\/i0.wp.com\/cchr.ch\/wp-content\/uploads\/2021\/04\/citizens-commission-on-human-rights-about-us-exterior-banner_de.jpg?resize=81%2C39&amp;ssl=1 81w\" sizes=\"auto, (max-width: 360px) 100vw, 360px\" class=\"icon-image\"\/><\/div><div class=\"hover-content bg-deep-pink\"><div class=\"display-table height-100 width-100\"><div class=\"vertical-align-middle display-table-cell padding-twelve-lr\"><div class=\"text-white display-inline-block last-paragraph-no-margin \"><h6><span style=\"color: #ffffff;\"><a style=\"color: #ffffff;\" href=\"https:\/\/cchr.ch\/about\/\">LERNEN SIE UNS KENNEN<\/a><\/span><\/h6>\n<\/div><\/div><\/div><\/div><\/div><figcaption><div class=\"margin-25px-top\"><div class=\"width-90 sm-width-100 display-inline-block\" style=\"font-size: 16px; color: #000000;\" data-fontsize=\"16px\">Die Citizens Commission on Human Rights (CCHR) ist ein gemeinn\u00fctziges Gremium zur \u00dcberwachung des psychiatrischen Systems, das Menschen vor missbr\u00e4uchlichen Praktiken und Zwangsma\u00dfnahmen sch\u00fctzt.<\/div><\/div><\/figcaption><\/figure><\/div><\/div><\/div><\/div><div class=\"wpb_column vc_column_container vc_col-sm-4 vc_col-md-4 vc_col-xs-12 wow fadeInUp text-center pofo-column-responsive-69f5a139c8306\" data-wow-delay= 200ms><div class=\"vc_column-inner \"><div class=\"wpb_wrapper\"><h5 class=\"text-extra-dark-gray margin-20px-bottom font-weight-600 display-inline-block alt-font text-uppercase heading-style2  vc_custom_1617296412811  heading-7\"  style=\"font-weight: 700; color: #000000;\"><a class=\"text-extra-dark-gray heading-title-link\" href=\"https:\/\/cchr.ch\/wpDev\/fakten\/\">FAKTEN<\/a><\/h5><div class=\"team-block feature-box-15 featurebox26-2 featurebox26 pofo-featurebox\" ><figure><div class=\"feature-box-content xs-width-100\"><div class=\"feature-box-image\"><img loading=\"lazy\" decoding=\"async\" src=\"https:\/\/i0.wp.com\/cchr.ch\/wp-content\/uploads\/2021\/04\/danylo-suprun-XCwsOj_RUjE-unsplash.jpg?fit=360%2C173&#038;ssl=1\" width=\"360\" height=\"173\"  alt=\"\" srcset=\"https:\/\/i0.wp.com\/cchr.ch\/wp-content\/uploads\/2021\/04\/danylo-suprun-XCwsOj_RUjE-unsplash.jpg?w=360&amp;ssl=1 360w, https:\/\/i0.wp.com\/cchr.ch\/wp-content\/uploads\/2021\/04\/danylo-suprun-XCwsOj_RUjE-unsplash.jpg?resize=300%2C144&amp;ssl=1 300w, https:\/\/i0.wp.com\/cchr.ch\/wp-content\/uploads\/2021\/04\/danylo-suprun-XCwsOj_RUjE-unsplash.jpg?resize=120%2C58&amp;ssl=1 120w, https:\/\/i0.wp.com\/cchr.ch\/wp-content\/uploads\/2021\/04\/danylo-suprun-XCwsOj_RUjE-unsplash.jpg?resize=81%2C39&amp;ssl=1 81w\" sizes=\"auto, (max-width: 360px) 100vw, 360px\" class=\"icon-image\"\/><\/div><div class=\"hover-content bg-deep-pink\"><div class=\"display-table height-100 width-100\"><div class=\"vertical-align-middle display-table-cell padding-twelve-lr\"><div class=\"text-white display-inline-block last-paragraph-no-margin \"><h6><span style=\"color: #ffffff;\"><a style=\"color: #ffffff;\" href=\"https:\/\/cchr.ch\/fakten\/\">ERFAHREN SIE DIE FAKTEN<\/a><\/span><\/h6>\n<\/div><\/div><\/div><\/div><\/div><figcaption><div class=\"margin-25px-top\"><div class=\"width-90 sm-width-100 display-inline-block\" style=\"font-size: 16px; color: #000000;\" data-fontsize=\"16px\">Was sind die Fakten und Informationen die Sie wissen m\u00fcssen. Machen Sie sich ein eigenes Bild.<\/div><\/div><\/figcaption><\/figure><\/div><\/div><\/div><\/div><div class=\"wpb_column vc_column_container vc_col-sm-4 vc_col-md-4 vc_col-xs-12 wow fadeInUp text-center pofo-column-responsive-69f5a139c87c7\" data-wow-delay= 400ms><div class=\"vc_column-inner vc_custom_1615213515064\"><div class=\"wpb_wrapper\"><h5 class=\"text-extra-dark-gray margin-20px-bottom font-weight-600 display-inline-block alt-font text-uppercase heading-style2  vc_custom_1617309768239  heading-8\"  style=\"font-weight: 700; color: #000000;\"><a class=\"text-extra-dark-gray heading-title-link\" href=\"https:\/\/cchr.ch\/wpDev\/bericht\/\">BERICHTEN SIE PSYCHIATRISCHE MISSBR\u00c4UCHE<\/a><\/h5><div class=\"team-block feature-box-15 featurebox26-3 featurebox26 pofo-featurebox\" ><figure><div class=\"feature-box-content xs-width-100\"><div class=\"feature-box-image\"><img loading=\"lazy\" decoding=\"async\" src=\"https:\/\/i0.wp.com\/cchr.ch\/wp-content\/uploads\/2021\/04\/cchr-int-report-abuse_de.jpg?fit=360%2C173&#038;ssl=1\" width=\"360\" height=\"173\"  alt=\"\" srcset=\"https:\/\/i0.wp.com\/cchr.ch\/wp-content\/uploads\/2021\/04\/cchr-int-report-abuse_de.jpg?w=360&amp;ssl=1 360w, https:\/\/i0.wp.com\/cchr.ch\/wp-content\/uploads\/2021\/04\/cchr-int-report-abuse_de.jpg?resize=300%2C144&amp;ssl=1 300w, https:\/\/i0.wp.com\/cchr.ch\/wp-content\/uploads\/2021\/04\/cchr-int-report-abuse_de.jpg?resize=120%2C58&amp;ssl=1 120w, https:\/\/i0.wp.com\/cchr.ch\/wp-content\/uploads\/2021\/04\/cchr-int-report-abuse_de.jpg?resize=81%2C39&amp;ssl=1 81w\" sizes=\"auto, (max-width: 360px) 100vw, 360px\" class=\"icon-image\"\/><\/div><div class=\"hover-content bg-deep-pink\"><div class=\"display-table height-100 width-100\"><div class=\"vertical-align-middle display-table-cell padding-twelve-lr\"><div class=\"text-white display-inline-block last-paragraph-no-margin \"><h6><span style=\"color: #ffffff;\"><a style=\"color: #ffffff;\" href=\"https:\/\/cchr.ch\/bericht\/\">SENDEN SIE EINEN BERICHT<\/a><\/span><\/h6>\n<\/div><\/div><\/div><\/div><\/div><figcaption><div class=\"margin-25px-top\"><div class=\"width-90 sm-width-100 display-inline-block\" style=\"font-size: 16px; color: #000000;\" data-fontsize=\"16px\">M\u00f6chten Sie etwas berichten? Brauchen Sie unsere Hilfe? Wir stehen f\u00fcr Sie und ihre Rechte ein.<\/div><\/div><\/figcaption><\/figure><\/div><\/div><\/div><\/div><\/section><div class=\"vc_row-full-width vc_clearfix\"><\/div>\n","protected":false},"excerpt":{"rendered":"Citizens Commission on Human RightsNEBENWIRKUNGENBERICHTEN SIE NEBENWIRKUNGEN VON PSYCHOPHARMAKASchweiz Berichten Sie Nebenwirkungen von Psychopharmaka an das Schweizerische Heilmittelinstitut Swissmedic. Benutzen Sie dazu das Formular \u201eMeldung einer vermuteten unerw\u00fcnschten Arzneimittelwirkung (UAW)\u201c. Um das Formular herunterzuladen,\u00a0klicken Sie hier. Deutschland Berichten Sie jegliche Ihnen bekannt gewordenen Nebenwirkungen von Psychopharmaka an das Bundesinstitut f\u00fcr Arzneimittel und Medizinprodukte (BfArM). Benutzen Sie dazu den \u201eMeldebogen \u00fcber unerw\u00fcnschte Arzneimittelwirkungen (UAW)\u201c. Um ihn als PDF-Datei herunterzuladen,\u00a0klicken Sie hier. \u00d6sterreich Berichten Sie Nebenwirkungen von Psychopharmaka an das Bundesamt f\u00fcr Sicherheit im Gesundheitswesen, Abteilung AGES PharmMed. Benutzen Sie dazu das Formular \u201eNebenwirkung Arztmeldung Human\u201c und lassen Sie es von Ihrem Arzt best\u00e4tigen. Um das Formular herunterzuladen,\u00a0klicken Sie hier. USA MedWatch ist das Meldesystem der US-Nahrungs- und Arzneimittelbeh\u00f6rde FDA (Food and Drug Administration). Darin werden Verbraucher und \u00c4rzte aufgefordert, gravierende Nebenwirkungen von Medikamenten oder Medizinprodukten zu berichten. Die Berichte werden freiwillig erstattet und spielen f\u00fcr die FDA eine wesentliche Rolle bei der \u00dcberwachung eines zugelassenen Arzneimittels oder Medizinprodukts nach dessen Vermarktung. Die Berichte \u00fcber Nebenwirkungen werden im Vergleich mit den Angaben der pharmazeutischen Hersteller ausgewertet. Dies kann zu Risikoinformationen, \u00c4nderungen der Packungsbeilage mit st\u00e4rkerer Warnung vor Nebenwirkungen oder sogar zur R\u00fccknahme des Medikaments vom Markt f\u00fchren. Deshalb sollten alle Verbraucher unbedingt...","protected":false},"author":1,"featured_media":0,"parent":0,"menu_order":0,"comment_status":"closed","ping_status":"closed","template":"","meta":{"footnotes":""},"class_list":["post-22677","page","type-page","status-publish","hentry"],"jetpack_sharing_enabled":true,"_links":{"self":[{"href":"https:\/\/cchr.ch\/index.php?rest_route=\/wp\/v2\/pages\/22677","targetHints":{"allow":["GET"]}}],"collection":[{"href":"https:\/\/cchr.ch\/index.php?rest_route=\/wp\/v2\/pages"}],"about":[{"href":"https:\/\/cchr.ch\/index.php?rest_route=\/wp\/v2\/types\/page"}],"author":[{"embeddable":true,"href":"https:\/\/cchr.ch\/index.php?rest_route=\/wp\/v2\/users\/1"}],"replies":[{"embeddable":true,"href":"https:\/\/cchr.ch\/index.php?rest_route=%2Fwp%2Fv2%2Fcomments&post=22677"}],"version-history":[{"count":7,"href":"https:\/\/cchr.ch\/index.php?rest_route=\/wp\/v2\/pages\/22677\/revisions"}],"predecessor-version":[{"id":22933,"href":"https:\/\/cchr.ch\/index.php?rest_route=\/wp\/v2\/pages\/22677\/revisions\/22933"}],"wp:attachment":[{"href":"https:\/\/cchr.ch\/index.php?rest_route=%2Fwp%2Fv2%2Fmedia&parent=22677"}],"curies":[{"name":"wp","href":"https:\/\/api.w.org\/{rel}","templated":true}]}}