{"id":22590,"date":"2021-04-21T21:07:44","date_gmt":"2021-04-21T19:07:44","guid":{"rendered":"https:\/\/voltar.ch\/cchr\/?page_id=22590"},"modified":"2021-11-11T22:30:02","modified_gmt":"2021-11-11T21:30:02","slug":"informationsset","status":"publish","type":"page","link":"https:\/\/cchr.ch\/?page_id=22590","title":{"rendered":"Informationsset"},"content":{"rendered":"<section data-vc-full-width=\"true\" data-vc-full-width-init=\"false\" class=\"vc_row wpb_row vc_row-fluid   wow fadeIn pofo-stretch-content pofo-stretch-row-container pofo-row-responsive-69e1214b2581c\"><div class=\"wpb_column vc_column_container vc_col-sm-12  col-xs-mobile-fullwidth text-center pofo-column-responsive-69e1214b25980\"><div class=\"vc_column-inner vc_custom_1617295140907\"><div class=\"wpb_wrapper\"><div class=\"text-medium-gray text-small margin-5px-bottom alt-font text-uppercase heading-style4  vc_custom_1618866578589  heading-1\" >Citizens Commission on Human Rights<\/div><h5 class=\"text-extra-dark-gray margin-20px-bottom font-weight-600 display-inline-block alt-font text-uppercase heading-style2  vc_custom_1619031525258  heading-2\"  style=\"font-weight: 700; color: #000000;\">KOSTENLOSE INFORMATIONSMAPPE<\/h5><div class=\"separator-line-horrizontal-full bg-extra-light-gray center-col pofo-separator  vc_custom_1618866840122\" style=\"background-color:#8e2125; width: 100px;\"><\/div><div class=\"last-paragraph-no-margin\"><p>Was sollten Sie \u00fcber die \u201eHeilungen\u201c der Psychiatrie im Namen psychischer Gesundheit wissen? Wie fundiert sind Diagnosen von Psychiatern \u2013 und wie sicher sind ihre Psychopharmaka?<\/p>\n<p>Die Antworten sind in dieser Informationsmappe enthalten, welche kostenfrei Abgeordneten, Regierungsvertretern, medizinischen und Rechtsexperten, Menschenrechts\u00adorganisationen und -interessengruppen zur Verf\u00fcgung gestellt wird:<\/p>\n<p>&#8211; Eine Einf\u00fchrung zur Citizens Commission on Human Rights (CCHR), die seit \u00fcber vier Jahrzehnten im Einsatz f\u00fcr Menschenrechte ist und unz\u00e4hlige psychiatrische Missst\u00e4nde dokumentiert, aufgedeckt und erfolgreich beseitigt hat.<\/p>\n<p>&#8211; Ausz\u00fcge aus preisgekr\u00f6nten Dokumentarfilmen der CCHR:<\/p>\n<p><em>\u00a0&#8211; Psychiatrie: Tod statt Hilfe<\/em><\/p>\n<p><em>\u00a0&#8211; Ein Milliarden-Gesch\u00e4ft: Gef\u00e4hrliche Psychopharmaka<\/em><\/p>\n<p><em>\u00a0&#8211; Die Vermarktung erfundener Krankheiten: Sind wir alle psychisch krank?<\/em><\/p>\n<p><em>\u00a0&#8211; Psychiatrie \u2013 Die Todesfalle: Wie Psychopharmaka Ihr Kind t\u00f6ten k\u00f6nnen<\/em><\/p>\n<p><em>\u00a0&#8211; Diagnostisches und Statistisches Manual: T\u00f6dliches Blendwerk der Psychiatrie<\/em><\/p>\n<p>&#8211; TV-Spots, mit denen vor den Gefahren von Psychopharmaka gewarnt wird.<\/p>\n<p>&#8211; Wirksame Ma\u00dfnahmen, die Sie ergreifen k\u00f6nnen, um Personen vor psychiatrischer Ausbeutung und psychiatrischem Missbrauch zu sch\u00fctzen.<\/p>\n<p>Bitte f\u00fcllen Sie das Formular aus, um Ihre kostenlose Informationsmappe zu erhalten.<\/p>\n<\/div><h5 class=\"margin-100px-bottom xs-margin-40px-bottom font-weight-600 display-inline-block alt-font text-extra-small text-outside-line text-uppercase heading-style5  vc_custom_1618866785114  heading-3\"  style=\"font-size: 24px; font-weight: 700; color: #000000;\" data-fontsize=\"24px\">FORMULAR<\/h5><div class=\"vc_row wpb_row vc_inner vc_row-fluid\"><div class=\"wpb_column vc_column_container vc_col-sm-3  col-xs-mobile-fullwidth\"><div class=\"vc_column-inner \"><div class=\"wpb_wrapper\"><\/div><\/div><\/div><div class=\"wpb_column vc_column_container vc_col-sm-6  col-xs-mobile-fullwidth\"><div class=\"vc_column-inner \"><div class=\"wpb_wrapper\">\n<div class=\"wpcf7 no-js\" id=\"wpcf7-f22593-o1\" lang=\"de-DE\" dir=\"ltr\" data-wpcf7-id=\"22593\">\n<div class=\"screen-reader-response\"><p role=\"status\" aria-live=\"polite\" aria-atomic=\"true\"><\/p> <ul><\/ul><\/div>\n<form action=\"\/index.php?rest_route=%2Fwp%2Fv2%2Fpages%2F22590#wpcf7-f22593-o1\" method=\"post\" class=\"wpcf7-form init\" aria-label=\"Kontaktformular\" novalidate=\"novalidate\" data-status=\"init\">\n<fieldset class=\"hidden-fields-container\"><input type=\"hidden\" name=\"_wpcf7\" value=\"22593\" \/><input type=\"hidden\" name=\"_wpcf7_version\" value=\"6.1.5\" \/><input type=\"hidden\" name=\"_wpcf7_locale\" value=\"de_DE\" \/><input type=\"hidden\" name=\"_wpcf7_unit_tag\" value=\"wpcf7-f22593-o1\" \/><input type=\"hidden\" name=\"_wpcf7_container_post\" value=\"0\" \/><input type=\"hidden\" name=\"_wpcf7_posted_data_hash\" value=\"\" \/><input type=\"hidden\" name=\"_wpcf7_recaptcha_response\" value=\"\" \/>\n<\/fieldset>\n<div class=\"wps-form\">\n\t<p><label style=\"float:left\">Name<\/label>\n\t<\/p>\n\t<div class=\"wps-form-row\">\n\t\t<div class=\"wps-form-column\">\n\t\t\t<p><span class=\"wpcf7-form-control-wrap\" data-name=\"vorname\"><input size=\"40\" maxlength=\"400\" class=\"wpcf7-form-control wpcf7-text wpcf7-validates-as-required\" aria-required=\"true\" aria-invalid=\"false\" placeholder=\"Vorname*\" value=\"\" type=\"text\" name=\"vorname\" \/><\/span>\n\t\t\t<\/p>\n\t\t<\/div>\n\t\t<div class=\"wps-form-column\">\n\t\t\t<p><span class=\"wpcf7-form-control-wrap\" data-name=\"nachname\"><input size=\"40\" maxlength=\"400\" class=\"wpcf7-form-control wpcf7-text wpcf7-validates-as-required\" aria-required=\"true\" aria-invalid=\"false\" placeholder=\"Nachname*\" value=\"\" type=\"text\" name=\"nachname\" \/><\/span>\n\t\t\t<\/p>\n\t\t<\/div>\n\t<\/div>\n\t<p><label style=\"float:left\">Adresse<\/label>\n\t<\/p>\n\t<div class=\"wps-form-row\">\n\t\t<div class=\"wps-form-column\">\n\t\t\t<p><span class=\"wpcf7-form-control-wrap\" data-name=\"strasse\"><input size=\"40\" maxlength=\"400\" class=\"wpcf7-form-control wpcf7-text wpcf7-validates-as-required\" aria-required=\"true\" aria-invalid=\"false\" placeholder=\"Strasse*\" value=\"\" type=\"text\" name=\"strasse\" \/><\/span>\n\t\t\t<\/p>\n\t\t<\/div>\n\t\t<div class=\"wps-form-column\">\n\t\t\t<p><span class=\"wpcf7-form-control-wrap\" data-name=\"hausnummer\"><input size=\"40\" maxlength=\"400\" class=\"wpcf7-form-control wpcf7-text wpcf7-validates-as-required\" aria-required=\"true\" aria-invalid=\"false\" placeholder=\"Hausnummer*\" value=\"\" type=\"text\" name=\"hausnummer\" \/><\/span>\n\t\t\t<\/p>\n\t\t<\/div>\n\t<\/div>\n\t<div class=\"wps-form-row\">\n\t\t<div class=\"wps-form-column\">\n\t\t\t<p><span class=\"wpcf7-form-control-wrap\" data-name=\"plz\"><input size=\"40\" maxlength=\"400\" class=\"wpcf7-form-control wpcf7-text wpcf7-validates-as-required\" aria-required=\"true\" aria-invalid=\"false\" placeholder=\"Postleitzahl*\" value=\"\" type=\"text\" name=\"plz\" \/><\/span>\n\t\t\t<\/p>\n\t\t<\/div>\n\t\t<div class=\"wps-form-column\">\n\t\t\t<p><span class=\"wpcf7-form-control-wrap\" data-name=\"ort\"><input size=\"40\" maxlength=\"400\" class=\"wpcf7-form-control wpcf7-text wpcf7-validates-as-required\" aria-required=\"true\" aria-invalid=\"false\" placeholder=\"Ort*\" value=\"\" type=\"text\" name=\"ort\" \/><\/span>\n\t\t\t<\/p>\n\t\t<\/div>\n\t<\/div>\n\t<p><label style=\"float:left\">Kontakt<\/label>\n\t<\/p>\n\t<div class=\"wps-form-row\">\n\t\t<div class=\"wps-form-column\">\n\t\t\t<p><span class=\"wpcf7-form-control-wrap\" data-name=\"email\"><input size=\"40\" maxlength=\"400\" class=\"wpcf7-form-control wpcf7-email wpcf7-validates-as-required wpcf7-text wpcf7-validates-as-email\" aria-required=\"true\" aria-invalid=\"false\" placeholder=\"Ihre Email Adresse*\" value=\"\" type=\"email\" name=\"email\" \/><\/span>\n\t\t\t<\/p>\n\t\t<\/div>\n\t\t<div class=\"wps-form-column\">\n\t\t\t<p><span class=\"wpcf7-form-control-wrap\" data-name=\"phonePrivate\"><input size=\"40\" maxlength=\"400\" class=\"wpcf7-form-control wpcf7-tel wpcf7-text wpcf7-validates-as-tel\" aria-invalid=\"false\" placeholder=\"Optional - Tel. Privat\" value=\"\" type=\"tel\" name=\"phonePrivate\" \/><\/span>\n\t\t\t<\/p>\n\t\t<\/div>\n\t<\/div>\n\t<div class=\"wps-form-row\">\n\t\t<div class=\"wps-form-column\">\n\t\t\t<p><span class=\"wpcf7-form-control-wrap\" data-name=\"phoneBusiness\"><input size=\"40\" maxlength=\"400\" class=\"wpcf7-form-control wpcf7-tel wpcf7-text wpcf7-validates-as-tel\" aria-invalid=\"false\" placeholder=\"Optional - Tel. Gesch\u00e4ftlich\" value=\"\" type=\"tel\" name=\"phoneBusiness\" \/><\/span>\n\t\t\t<\/p>\n\t\t<\/div>\n\t\t<div class=\"wps-form-column\">\n\t\t\t<p><span class=\"wpcf7-form-control-wrap\" data-name=\"phoneMobile\"><input size=\"40\" maxlength=\"400\" class=\"wpcf7-form-control wpcf7-tel wpcf7-text wpcf7-validates-as-tel\" aria-invalid=\"false\" placeholder=\"Optional - Tel. Mobile\" value=\"\" type=\"tel\" name=\"phoneMobile\" \/><\/span>\n\t\t\t<\/p>\n\t\t<\/div>\n\t<\/div>\n\t<div class=\"wps-form-row\">\n\t\t<div class=\"wps-form-column\">\n\t\t\t<p><span class=\"wpcf7-form-control-wrap\" data-name=\"positionBeruf\"><input size=\"40\" maxlength=\"400\" class=\"wpcf7-form-control wpcf7-text wpcf7-validates-as-required\" aria-required=\"true\" aria-invalid=\"false\" placeholder=\"Position\/Beruf*\" value=\"\" type=\"text\" name=\"positionBeruf\" \/><\/span>\n\t\t\t<\/p>\n\t\t<\/div>\n\t<\/div>\n\t<p><label style=\"float:left\">Mitteilung<\/label>\n\t<\/p>\n\t<div class=\"wps-form-row\">\n\t\t<div class=\"wps-form-column\">\n\t\t\t<p><span class=\"wpcf7-form-control-wrap\" data-name=\"Mitteilung\"><textarea cols=\"40\" rows=\"10\" maxlength=\"2000\" class=\"wpcf7-form-control wpcf7-textarea\" aria-invalid=\"false\" name=\"Mitteilung\"><\/textarea><\/span>\n\t\t\t<\/p>\n\t\t<\/div>\n\t<\/div>\n<\/div>\n<p><input class=\"wpcf7-form-control wpcf7-submit has-spinner\" type=\"submit\" value=\"Bestellen\" \/>\n<\/p><p style=\"display: none !important;\" class=\"akismet-fields-container\" data-prefix=\"_wpcf7_ak_\"><label>&#916;<textarea name=\"_wpcf7_ak_hp_textarea\" cols=\"45\" rows=\"8\" maxlength=\"100\"><\/textarea><\/label><input type=\"hidden\" id=\"ak_js_1\" name=\"_wpcf7_ak_js\" value=\"182\"\/><script>document.getElementById( \"ak_js_1\" ).setAttribute( \"value\", ( new Date() ).getTime() );<\/script><\/p><div class=\"wpcf7-response-output\" aria-hidden=\"true\"><\/div>\n<\/form>\n<\/div>\n<\/div><\/div><\/div><div class=\"wpb_column vc_column_container vc_col-sm-3  col-xs-mobile-fullwidth\"><div class=\"vc_column-inner \"><div class=\"wpb_wrapper\"><\/div><\/div><\/div><\/div><\/div><\/div><\/div><\/section><div class=\"vc_row-full-width vc_clearfix\"><\/div>\n","protected":false},"excerpt":{"rendered":"Citizens Commission on Human RightsKOSTENLOSE INFORMATIONSMAPPEWas sollten Sie \u00fcber die \u201eHeilungen\u201c der Psychiatrie im Namen psychischer Gesundheit wissen? Wie fundiert sind Diagnosen von Psychiatern \u2013 und wie sicher sind ihre Psychopharmaka? Die Antworten sind in dieser Informationsmappe enthalten, welche kostenfrei Abgeordneten, Regierungsvertretern, medizinischen und Rechtsexperten, Menschenrechts\u00adorganisationen und -interessengruppen zur Verf\u00fcgung gestellt wird: - Eine Einf\u00fchrung zur Citizens Commission on Human Rights (CCHR), die seit \u00fcber vier Jahrzehnten im Einsatz f\u00fcr Menschenrechte ist und unz\u00e4hlige psychiatrische Missst\u00e4nde dokumentiert, aufgedeckt und erfolgreich beseitigt hat. - Ausz\u00fcge aus preisgekr\u00f6nten Dokumentarfilmen der CCHR: \u00a0- Psychiatrie: Tod statt Hilfe \u00a0- Ein Milliarden-Gesch\u00e4ft: Gef\u00e4hrliche Psychopharmaka \u00a0- Die Vermarktung erfundener Krankheiten: Sind wir alle psychisch krank? \u00a0- Psychiatrie \u2013 Die Todesfalle: Wie Psychopharmaka Ihr Kind t\u00f6ten k\u00f6nnen \u00a0- Diagnostisches und Statistisches Manual: T\u00f6dliches Blendwerk der Psychiatrie - TV-Spots, mit denen vor den Gefahren von Psychopharmaka gewarnt wird. - Wirksame Ma\u00dfnahmen, die Sie ergreifen k\u00f6nnen, um Personen vor psychiatrischer Ausbeutung und psychiatrischem Missbrauch zu sch\u00fctzen. Bitte f\u00fcllen Sie das Formular aus, um Ihre kostenlose Informationsmappe zu erhalten. FORMULAR Name Adresse Kontakt Mitteilung &#916;","protected":false},"author":1,"featured_media":0,"parent":0,"menu_order":0,"comment_status":"closed","ping_status":"closed","template":"","meta":{"footnotes":""},"class_list":["post-22590","page","type-page","status-publish","hentry"],"jetpack_sharing_enabled":true,"_links":{"self":[{"href":"https:\/\/cchr.ch\/index.php?rest_route=\/wp\/v2\/pages\/22590","targetHints":{"allow":["GET"]}}],"collection":[{"href":"https:\/\/cchr.ch\/index.php?rest_route=\/wp\/v2\/pages"}],"about":[{"href":"https:\/\/cchr.ch\/index.php?rest_route=\/wp\/v2\/types\/page"}],"author":[{"embeddable":true,"href":"https:\/\/cchr.ch\/index.php?rest_route=\/wp\/v2\/users\/1"}],"replies":[{"embeddable":true,"href":"https:\/\/cchr.ch\/index.php?rest_route=%2Fwp%2Fv2%2Fcomments&post=22590"}],"version-history":[{"count":7,"href":"https:\/\/cchr.ch\/index.php?rest_route=\/wp\/v2\/pages\/22590\/revisions"}],"predecessor-version":[{"id":22934,"href":"https:\/\/cchr.ch\/index.php?rest_route=\/wp\/v2\/pages\/22590\/revisions\/22934"}],"wp:attachment":[{"href":"https:\/\/cchr.ch\/index.php?rest_route=%2Fwp%2Fv2%2Fmedia&parent=22590"}],"curies":[{"name":"wp","href":"https:\/\/api.w.org\/{rel}","templated":true}]}}