{"id":22510,"date":"2021-04-23T22:19:20","date_gmt":"2021-04-23T20:19:20","guid":{"rendered":"https:\/\/voltar.ch\/cchr\/?page_id=22510"},"modified":"2024-03-04T20:16:31","modified_gmt":"2024-03-04T19:16:31","slug":"alternativen","status":"publish","type":"page","link":"https:\/\/cchr.ch\/?page_id=22510","title":{"rendered":"Alternativen"},"content":{"rendered":"<section data-vc-full-width=\"true\" data-vc-full-width-init=\"false\" class=\"vc_row wpb_row vc_row-fluid   wow fadeIn pofo-stretch-content pofo-stretch-row-container pofo-row-responsive-69f3cf584c325\"><div class=\"wpb_column vc_column_container vc_col-sm-12  col-xs-mobile-fullwidth text-center pofo-column-responsive-69f3cf584c3e8\"><div class=\"vc_column-inner vc_custom_1619717316078\"><div class=\"wpb_wrapper\"><div class=\"text-medium-gray text-small margin-5px-bottom alt-font text-uppercase heading-style4  vc_custom_1615209616975  heading-1\" >Citizens Commission on Human Rights<\/div><h5 class=\"text-extra-dark-gray margin-20px-bottom font-weight-600 display-inline-block alt-font text-uppercase heading-style2  vc_custom_1618831351806  heading-2\"  style=\"font-weight: 700; color: #000000;\">ALTERNATIVEN<\/h5><div class=\"separator-line-horrizontal-full bg-extra-light-gray center-col pofo-separator  vc_custom_1617295908189\" style=\"background-color:#8e2125; width: 100px;\"><\/div><h5 class=\"margin-100px-bottom xs-margin-40px-bottom font-weight-600 display-inline-block alt-font  pofo_font_1619718577371 text-extra-small text-outside-line text-uppercase heading-style5  vc_custom_1619718577371  heading-3\"  style=\"font-size: 24px; font-weight: 700; color: #000000;\" data-fontsize=\"24px\">DAS RECHT AUF VOLLST\u00c4NDIGE \u00c4RZTLICHE AUFKL\u00c4RUNG<\/h5><div class=\" vc_custom_1618831561686 last-paragraph-no-margin\" style=\"color: #000000;\"><p>In der Allgemeinmedizin umfasst der Standard f\u00fcr die Patienteneinwilligung nach vollst\u00e4ndiger \u00e4rztlicher Aufkl\u00e4rung die Art der Diagnose, den Zweck einer vorgeschlagenen Behandlung oder eines Verfahrens, die Risiken und den Nutzen der vorgeschlagenen Behandlung und die Information des Patienten \u00fcber die alternativen Behandlungsm\u00f6glichkeiten, damit er eine aufgekl\u00e4rte, fundierte Entscheidung treffen kann. Psychiater informieren Patienten \u00fcblicherweise nicht \u00fcber alternative Behandlungen ohne Psychopharmaka und f\u00fchren keine gr\u00fcndlichen\u00a0<em>medizinischen<\/em>\u00a0Untersuchungen durch, um unbehandelte k\u00f6rperliche Probleme auszuschlie\u00dfen, welche die \u201epsychiatrischen\u201c Symptome hervorrufen k\u00f6nnten. Sie informieren die Patienten nicht genau \u00fcber die Art der Diagnose, was erfordern w\u00fcrde, den Patienten dar\u00fcber zu informieren, dass psychiatrische Diagnosen v\u00f6llig subjektiv sind (nur auf Verhaltensweisen beruhend) und keine wissenschaftliche\/medizinische G\u00fcltigkeit haben. (Es gibt keine R\u00f6ntgenaufnahmen, Gehirnscans oder Untersuchungen zu einem chemischen Ungleichgewicht, die belegen k\u00f6nnten, dass jemand unter einer psychischen St\u00f6rung leidet.)<\/p>\n<p>Alle Patienten sollten sich eine sogenannte \u201eDifferenzialdiagnose\u201c erstellen lassen. Als Differenzialdiagnose bezeichnet man die Gesamtheit aller Diagnosen, die alternativ als Erkl\u00e4rung f\u00fcr die erhobenen Symptome oder medizinischen Befunde in Betracht zu ziehen sind. Dabei macht sich der Arzt ein gr\u00fcndliches Bild von der Krankheitsgeschichte und f\u00fchrt eine vollst\u00e4ndige k\u00f6rperliche Untersuchung durch. Auf diese Weise kann er alle Probleme ausschlie\u00dfen, die eine Reihe von Symptomen verursachen k\u00f6nnen. Des Weiteren erkl\u00e4rt der Arzt jegliche m\u00f6glichen Nebenwirkungen der empfohlenen Behandlungen.<\/p>\n<p>Es gibt zahlreiche Alternativen zu psychiatrischen Diagnosen und Behandlungen, einschlie\u00dflich standardgem\u00e4\u00dfe medizinische Behandlung, die keine stigmatisierende und subjektive psychiatrische Einstufung oder bewusstseinsver\u00e4ndernde Psychopharmaka ben\u00f6tigt. Regierungen sollten alternative Behandlungsmethoden bef\u00fcrworten, welche nicht auf Psychopharmaka beruhen, die sich erstens als nicht effektiver gegen\u00fcber Placebos erwiesen haben, und zweitens gef\u00e4hrlicher als die meisten Stra\u00dfendrogen sind. Obgleich die CCHR International keinen bestimmten Praktizierenden, keine bestimmte medizinische Organisation, Praktik oder Gruppe billigt oder sie unterst\u00fctzt, haben wir festgestellt, dass die unten aufgef\u00fchrten Quellen hilfreich f\u00fcr Personen sind, die nach mehr Information suchen:<\/p>\n<\/div><\/div><\/div><\/div><\/section><div class=\"vc_row-full-width vc_clearfix\"><\/div><section data-vc-full-width=\"true\" data-vc-full-width-init=\"false\" class=\"vc_row wpb_row vc_row-fluid   wow fadeIn pofo-stretch-content pofo-stretch-row-container\"><div class=\"wpb_column vc_column_container vc_col-sm-12  col-xs-mobile-fullwidth text-center pofo-column-responsive-69f3cf584c655\"><div class=\"vc_column-inner vc_custom_1617295140907\"><div class=\"wpb_wrapper\"><h5 class=\"margin-100px-bottom xs-margin-40px-bottom font-weight-600 display-inline-block alt-font  pofo_font_1619718736399 text-extra-small text-outside-line text-uppercase heading-style5  vc_custom_1619718736400  heading-4\"  style=\"font-size: 24px; font-weight: 700; color: #000000;\" data-fontsize=\"24px\">INFORMATIONEN \u00dcBER ALTERNATIVE ANS\u00c4TZE OHNE PSYCHOPHARMAKA<\/h5><h5 class=\"margin-100px-bottom xs-margin-40px-bottom font-weight-600 display-inline-block alt-font  pofo_font_1619718746939 text-extra-small text-outside-line text-uppercase heading-style5  vc_custom_1619718746940  heading-5\"  style=\"font-size: 24px; font-weight: 700; color: #000000;\" data-fontsize=\"24px\">UND\/ODER DAR\u00dcBER, WIE MAN PSYCHOPHARMAKA SICHER ABSETZT<\/h5><div class=\"separator-line-horrizontal-full bg-extra-light-gray center-col pofo-separator  vc_custom_1617295899877\" style=\"background-color:#8e2125; width: 100px;\"><\/div><div class=\" vc_custom_1709579782254 last-paragraph-no-margin\" style=\"color: #000000;\"><p><strong>Psychopharmaka absetzen \u2013 Erfolgreiches Absetzen von Neuroleptika, Antidepressiva, Phasenprophylaktika, Ritalin und Tranquilizern<\/strong>\u00a0\u2013<\/p>\n<p>Peter Lehmann (Antipsychiatrieverlag), 2008<br \/>\n<a href=\"http:\/\/greenmentalhealthcare.com\/\" target=\"_blank\" rel=\"noopener\">http:\/\/www.antipsychiatrieverlag.de<\/a><\/p>\n<p><strong>Soteria House<\/strong>\u00a0\u2013 Alternative L\u00f6sungen ohne Psychopharmaka f\u00fcr Menschen, die als schizophren diagnostiziert wurden<br \/>\n<a href=\"http:\/\/www.moshersoteria.com\/\" target=\"_blank\" rel=\"noopener\">http:\/\/www.moshersoteria.com<\/a><\/p>\n<p><strong>ALTERNATIVEN F\u00dcR PSYCHOPHARMAKA AN KINDER<\/strong><\/p>\n<p class=\"style-scope ytd-watch-metadata\"><strong>ADHS: Studie zeigt, es geht auch ohne Ritalin &#8211; <a href=\"https:\/\/www.youtube.com\/watch?v=KbRw99FYrKc\">Link<\/a><\/strong><\/p>\n<p><strong>The Block Center<\/strong>\u00a0\u2013 Spezialisiert auf das Finden und Behandeln von zugrunde liegenden Gesundheitsproblemen bei Kindern und Informationen dar\u00fcber, wie man bei Kindern Psychopharmaka sicher absetzen kann<br \/>\n<a href=\"http:\/\/www.blockcenter.com\/\" target=\"_blank\" rel=\"noopener\">http:\/\/www.blockcenter.com<\/a><\/p>\n<p><strong>ADHD \u2013 Aufmerksamkeitsst\u00f6rung und Hyperaktivit\u00e4t<\/strong>\u00a0\u2013 Hans Ludwig und Prof. Karl J. Abrams (AV-Publication), 2004<br \/>\n<a href=\"http:\/\/www.drugfreechildren.org\/\" target=\"_blank\" rel=\"noopener\">http:\/\/www.algavital.com<\/a><\/p>\n<p><strong>Hyperaktivit\u00e4t \u2013 Warum Ritalin keine L\u00f6sung ist<\/strong>\u00a0\u2013 Barbara Simonsohn (Goldmann Verlag), 2001<br \/>\n<a href=\"http:\/\/www.drrapp.com\/\" target=\"_blank\" rel=\"noopener\">http:\/\/www.barbara-simonsohn.de<\/a><\/p>\n<p><strong>AbleChild<\/strong>\u00a0\u2013 Elterninitiative f\u00fcr eine Schulbildung ohne psychiatrische Diagnosen und Psychopharmaka<br \/>\n<a href=\"http:\/\/www.ablechild.org\/\" target=\"_blank\" rel=\"noopener\">http:\/\/www.ablechild.org<\/a><\/p>\n<p><strong>INITIATIVEN, DIE SICH F\u00dcR DIE RECHTE VON PSYCHIATRIEPATIENTEN EINSETZEN<\/strong><\/p>\n<p><strong>KOMPLEMENT\u00c4RE\/ALTERNATIVE GESUNDHEIT<\/strong><\/p>\n<p><strong>Whitaker Wellness Institut<\/strong>\u00a0\u2013 Gesundheitsf\u00fcrsorge f\u00fcr ein l\u00e4ngeres, aktiveres Leben mit Schwerpunkt auf der Altenpflege<br \/>\n<a href=\"http:\/\/www.whitakerwellness.com\/\" target=\"_blank\" rel=\"noopener\">http:\/\/www.whitakerwellness.com<\/a><\/p>\n<p><strong>Institut f\u00fcr progressive Medizin<\/strong>\u00a0\u2013 konventionelle und erg\u00e4nzende Therapien<br \/>\n<a href=\"http:\/\/www.iprogressivemed.com\/\" target=\"_blank\" rel=\"noopener\">http:\/\/www.iprogressivemed.com<\/a><\/p>\n<p><strong>The American College for the Advancement of Medicine<\/strong>\u00a0\u2013 eine gemeinn\u00fctzige medizinische Gesellschaft, die sich damit befasst, die erg\u00e4nzende und alternative Medizin zu verbessern<br \/>\n<a href=\"http:\/\/acam.org\/\" target=\"_blank\" rel=\"noopener\">http:\/\/acam.org<\/a><\/p>\n<p><strong>UMWELTASPEKTE UND SEELISCHE GESUNDHEIT<\/strong><\/p>\n<p><strong>Amerikanische Akademie f\u00fcr Umweltmedizin\u00a0<\/strong>\u2013 F\u00f6rdert optimale Gesundheit durch Vorbeugung und sichere und effektive Behandlungsmethoden<br \/>\n<a href=\"http:\/\/www.aaemonline.org\/\" target=\"_blank\" rel=\"noopener\">http:\/\/www.aaemonline.org<\/a><\/p>\n<p><strong>Beh\u00f6rde f\u00fcr die Registration toxischer Substanzen &amp; Krankheiten<\/strong>\u00a0\u2013 Bleivergiftung: Was sind die physiologischen Auswirkungen, wenn man Blei ausgesetzt ist?<br \/>\n<a href=\"http:\/\/www.atsdr.cdc.gov\/phs\/phs.asp?id=92&amp;tid=22\" target=\"_blank\" rel=\"noopener\">http:\/\/www.atsdr.cdc.gov<\/a><\/p>\n<p><strong>ARZNEIMITTEL<\/strong><strong>INFORMATIONEN<\/strong><\/p>\n<p><strong>Gesundheitsportal Onmeda<\/strong>\u00a0\u2013 Informationen \u00fcber Medikamente und ihre Nebenwirkungen<br \/>\n<a href=\"http:\/\/www.nlm.nih.gov\/medlineplus\/druginformation.html\" target=\"_blank\" rel=\"noopener\">http:\/\/www.onmeda.de<\/a><\/p>\n<p><strong>Gefahren von Psychopharmaka<\/strong>\u00a0\u2013 Die internationale CCHR-Suchmaschine f\u00fcr Nebenwirkungen von Psychopharmaka beinhaltet auch Berichte \u00fcber Nebenwirkungen dieser Mittel an die US FDA<br \/>\n<a href=\"http:\/\/www.cchrint.org\/psychdrugdangers\" target=\"_blank\" rel=\"noopener\">http:\/\/www.cchrint.org\/psychdrugdangers<\/a><\/p>\n<p><strong>BERICHTEN SIE NEBENWIRKUNGEN VON PSYCHOPHARMAKA<\/strong><\/p>\n<p><strong>Bundesinstitut f\u00fcr Arzneimittel und Medizinprodukte<\/strong>\u00a0\u2013 F\u00fcr Deutschland: Berichten Sie jegliche sch\u00e4dlichen Nebenwirkungen von Psychopharmaka, die Ihr Kind oder eines Ihrer Familienmitglieder erfahren hat, an das Bundesinstitut f\u00fcr Arzneimittel und Medizinprodukte (BfArM). Benutzen Sie dazu den \u201eMeldebogen f\u00fcr Verdachtsf\u00e4lle von unerw\u00fcnschten Arzneimittelwirkungen\u201d. Sie finden Ihn zum Download unter<br \/>\n<a href=\"http:\/\/www.fda.gov\/medwatch\" target=\"_blank\" rel=\"noopener\">http:\/\/www.bfarm.de<\/a>\u00a0&gt; Formulare<\/p>\n<p><strong>GESUNDHEITSOPTIONEN &amp; -INFORMATIONEN<\/strong><\/p>\n<p><strong>Naturalnews.com<\/strong>Unabh\u00e4ngige Informationen zu nat\u00fcrlicher Gesundheit, Ern\u00e4hrung und mehr<br \/>\n<a href=\"http:\/\/www.naturalnews.com\/\" target=\"_blank\" rel=\"noopener\">http:\/\/www.naturalnews.com<\/a><\/p>\n<p><strong>Nat\u00fcrliche L\u00f6sungen\u00a0<\/strong>\u2013 Nat\u00fcrliche Abhilfen und gesunde L\u00f6sungen<br \/>\n<a href=\"http:\/\/www.naturalsolutionsmag.com\/\" target=\"_blank\" rel=\"noopener\">http:\/\/www.naturalsolutionsmag.com<\/a><\/p>\n<p><strong>Informationen zu nat\u00fcrlicher Gesundheit<\/strong><br \/>\n<a href=\"http:\/\/www.thepeopleschemist.com\/\" target=\"_blank\" rel=\"noopener\">http:\/\/www.thepeopleschemist.com<\/a><\/p>\n<p><strong>RECHTLICHE HILFE<\/strong><\/p>\n<p><strong>Baum, Hedlund, Aristei &amp; Goldman<\/strong>\u00a0\u2013 Anw\u00e4lte f\u00fcr Totschlagsdelikte und K\u00f6rperverletzung<br \/>\n<a href=\"http:\/\/www.baumhedlundlaw.com\/\" target=\"_blank\" rel=\"noopener\">http:\/\/www.baumhedlundlaw.com<\/a><\/p>\n<p><strong>Vickery Waldner &amp; Mallia LLP<\/strong>\u00a0\u2013 Anw\u00e4lte f\u00fcr Totschlagsdelikte und medizinische Fahrl\u00e4ssigkeit<br \/>\n<a href=\"http:\/\/www.justiceseekers.com\/\" target=\"_blank\" rel=\"noopener\">http:\/\/www.justiceseekers.com<\/a><\/p>\n<p><strong>Weitz &amp; Luxenberg P.C.<\/strong>\u00a0\u2013 Anw\u00e4lte f\u00fcr K\u00f6rperverletzung und \u00e4rztliche Kunstfehler<br \/>\n<a href=\"http:\/\/www.weitzlux.com\/\" target=\"_blank\" rel=\"noopener\">http:\/\/www.weitzlux.com<\/a><\/p>\n<p><strong>INFORMATIONEN ZUR BUNDESGESETZGEBUNG<\/strong><\/p>\n<p><strong>THOMAS<\/strong>\u00a0\u2013 Informationen zur Gesetzgebung von der US-Kongressbibliothek<br \/>\n<a href=\"http:\/\/thomas.loc.gov\/\" target=\"_blank\" rel=\"noopener\">http:\/\/thomas.loc.gov<\/a><\/p>\n<\/div><\/div><\/div><\/div><\/section><div class=\"vc_row-full-width vc_clearfix\"><\/div>\n","protected":false},"excerpt":{"rendered":"Citizens Commission on Human RightsALTERNATIVENDAS RECHT AUF VOLLST\u00c4NDIGE \u00c4RZTLICHE AUFKL\u00c4RUNGIn der Allgemeinmedizin umfasst der Standard f\u00fcr die Patienteneinwilligung nach vollst\u00e4ndiger \u00e4rztlicher Aufkl\u00e4rung die Art der Diagnose, den Zweck einer vorgeschlagenen Behandlung oder eines Verfahrens, die Risiken und den Nutzen der vorgeschlagenen Behandlung und die Information des Patienten \u00fcber die alternativen Behandlungsm\u00f6glichkeiten, damit er eine aufgekl\u00e4rte, fundierte Entscheidung treffen kann. Psychiater informieren Patienten \u00fcblicherweise nicht \u00fcber alternative Behandlungen ohne Psychopharmaka und f\u00fchren keine gr\u00fcndlichen\u00a0medizinischen\u00a0Untersuchungen durch, um unbehandelte k\u00f6rperliche Probleme auszuschlie\u00dfen, welche die \u201epsychiatrischen\u201c Symptome hervorrufen k\u00f6nnten. Sie informieren die Patienten nicht genau \u00fcber die Art der Diagnose, was erfordern w\u00fcrde, den Patienten dar\u00fcber zu informieren, dass psychiatrische Diagnosen v\u00f6llig subjektiv sind (nur auf Verhaltensweisen beruhend) und keine wissenschaftliche\/medizinische G\u00fcltigkeit haben. (Es gibt keine R\u00f6ntgenaufnahmen, Gehirnscans oder Untersuchungen zu einem chemischen Ungleichgewicht, die belegen k\u00f6nnten, dass jemand unter einer psychischen St\u00f6rung leidet.) Alle Patienten sollten sich eine sogenannte \u201eDifferenzialdiagnose\u201c erstellen lassen. Als Differenzialdiagnose bezeichnet man die Gesamtheit aller Diagnosen, die alternativ als Erkl\u00e4rung f\u00fcr die erhobenen Symptome oder medizinischen Befunde in Betracht zu ziehen sind. Dabei macht sich der Arzt ein gr\u00fcndliches Bild von der Krankheitsgeschichte und f\u00fchrt eine vollst\u00e4ndige k\u00f6rperliche Untersuchung durch. Auf diese Weise kann er alle Probleme ausschlie\u00dfen, die...","protected":false},"author":1,"featured_media":0,"parent":0,"menu_order":0,"comment_status":"closed","ping_status":"closed","template":"","meta":{"footnotes":""},"class_list":["post-22510","page","type-page","status-publish","hentry"],"jetpack_sharing_enabled":true,"_links":{"self":[{"href":"https:\/\/cchr.ch\/index.php?rest_route=\/wp\/v2\/pages\/22510","targetHints":{"allow":["GET"]}}],"collection":[{"href":"https:\/\/cchr.ch\/index.php?rest_route=\/wp\/v2\/pages"}],"about":[{"href":"https:\/\/cchr.ch\/index.php?rest_route=\/wp\/v2\/types\/page"}],"author":[{"embeddable":true,"href":"https:\/\/cchr.ch\/index.php?rest_route=\/wp\/v2\/users\/1"}],"replies":[{"embeddable":true,"href":"https:\/\/cchr.ch\/index.php?rest_route=%2Fwp%2Fv2%2Fcomments&post=22510"}],"version-history":[{"count":15,"href":"https:\/\/cchr.ch\/index.php?rest_route=\/wp\/v2\/pages\/22510\/revisions"}],"predecessor-version":[{"id":76678,"href":"https:\/\/cchr.ch\/index.php?rest_route=\/wp\/v2\/pages\/22510\/revisions\/76678"}],"wp:attachment":[{"href":"https:\/\/cchr.ch\/index.php?rest_route=%2Fwp%2Fv2%2Fmedia&parent=22510"}],"curies":[{"name":"wp","href":"https:\/\/api.w.org\/{rel}","templated":true}]}}