{"id":22429,"date":"2021-04-01T19:09:22","date_gmt":"2021-04-01T17:09:22","guid":{"rendered":"https:\/\/cchr.ch\/wpDev\/?page_id=22429"},"modified":"2021-11-11T21:24:46","modified_gmt":"2021-11-11T20:24:46","slug":"bericht","status":"publish","type":"page","link":"https:\/\/cchr.ch\/?page_id=22429","title":{"rendered":"Bericht"},"content":{"rendered":"<section data-vc-full-width=\"true\" data-vc-full-width-init=\"false\" class=\"vc_row wpb_row vc_row-fluid   wow fadeIn pofo-stretch-content pofo-stretch-row-container pofo-row-responsive-69f0c1bcbfeb3\"><div class=\"wpb_column vc_column_container vc_col-sm-12  col-xs-mobile-fullwidth text-center pofo-column-responsive-69f0c1bcbff8f\"><div class=\"vc_column-inner vc_custom_1617295140907\"><div class=\"wpb_wrapper\"><div class=\"text-medium-gray text-small margin-5px-bottom alt-font text-uppercase heading-style4  vc_custom_1618866578589  heading-1\" >Citizens Commission on Human Rights<\/div><h5 class=\"text-extra-dark-gray margin-20px-bottom font-weight-600 display-inline-block alt-font text-uppercase heading-style2  vc_custom_1617297344212  heading-2\"  style=\"font-weight: 700; color: #000000;\">PSYCHIATRISCHER MISSBRAUCHSBERICHT<\/h5><div class=\"separator-line-horrizontal-full bg-extra-light-gray center-col pofo-separator  vc_custom_1618866840122\" style=\"background-color:#8e2125; width: 100px;\"><\/div><div class=\"last-paragraph-no-margin\"><p>Vielen Dank, dass Sie die Citizens Commission on Human Rights, CCHR, kontaktiert haben. Ihre Antwort ist sehr gesch\u00e4tzt. Ohne den Mut und die Hilfe von Leuten wie Ihnen w\u00e4re es uns nicht m\u00f6glich gewesen, unseren Kampf gegen die Verst\u00f6\u00dfe der Menschenrechte, die im psychiatrischen System vorherrschen, so erfolgreich fortzuf\u00fchren.<\/p>\n<p>In jeder Situation kann etwas getan werden. Wie unsere Organisation wieder und wieder zeigt, k\u00f6nnen Ihre Rechte gesch\u00fctzt werden. Der erste Schritt besteht darin, das Unrecht und die Menschenrechts-Verst\u00f6sse zu berichten. F\u00fcllen Sie bitte den beiliegenden Fragebogen so vollst\u00e4ndig wie m\u00f6glich aus, um uns darin zu helfen, Ihnen beizustehen. Sollten Sie weitere Informationen haben, die Sie uns mitteilen m\u00f6chten, verwenden Sie bitte zus\u00e4tzliches Papier. Nachdem dieses Formular \u00fcberpr\u00fcft worden ist, wird ein Vertreter unseres B\u00fcros Sie entweder kontaktieren oder mit einem Brief den Erhalt Ihrer Daten best\u00e4tigen und Sie \u00fcber den n\u00e4chsten Schritt, der in Ihrem Fall unternommen werden kann, informieren. Alle Informationen werden streng vertraulich behandelt, falls Sie keine Erlaubnis zur Ver\u00f6ffentlichung erteilt haben. Beachten Sie bitte, dass CCHR keine medizinischen oder rechtlichen Ratschl\u00e4ge erteilt.<\/p>\n<\/div><h5 class=\"margin-100px-bottom xs-margin-40px-bottom font-weight-600 display-inline-block alt-font text-extra-small text-outside-line text-uppercase heading-style5  vc_custom_1619717515641  heading-3\"  style=\"font-size: 24px; font-weight: 700; color: #000000;\" data-fontsize=\"24px\">FORMULAR<\/h5><div class=\"vc_row wpb_row vc_inner vc_row-fluid\"><div class=\"wpb_column vc_column_container vc_col-sm-3  col-xs-mobile-fullwidth\"><div class=\"vc_column-inner \"><div class=\"wpb_wrapper\"><\/div><\/div><\/div><div class=\"wpb_column vc_column_container vc_col-sm-6  col-xs-mobile-fullwidth\"><div class=\"vc_column-inner \"><div class=\"wpb_wrapper\">\n<div class=\"wpcf7 no-js\" id=\"wpcf7-f22358-o1\" lang=\"en-US\" dir=\"ltr\" data-wpcf7-id=\"22358\">\n<div class=\"screen-reader-response\"><p role=\"status\" aria-live=\"polite\" aria-atomic=\"true\"><\/p> <ul><\/ul><\/div>\n<form action=\"\/index.php?rest_route=%2Fwp%2Fv2%2Fpages%2F22429#wpcf7-f22358-o1\" method=\"post\" class=\"wpcf7-form init\" aria-label=\"Contact form\" novalidate=\"novalidate\" data-status=\"init\">\n<fieldset class=\"hidden-fields-container\"><input type=\"hidden\" name=\"_wpcf7\" value=\"22358\" \/><input type=\"hidden\" name=\"_wpcf7_version\" value=\"6.1.5\" \/><input type=\"hidden\" name=\"_wpcf7_locale\" value=\"en_US\" \/><input type=\"hidden\" name=\"_wpcf7_unit_tag\" value=\"wpcf7-f22358-o1\" \/><input type=\"hidden\" name=\"_wpcf7_container_post\" value=\"0\" \/><input type=\"hidden\" name=\"_wpcf7_posted_data_hash\" value=\"\" \/><input type=\"hidden\" name=\"_wpcf7_recaptcha_response\" value=\"\" \/>\n<\/fieldset>\n<div class=\"wps-form\">\n\t<p><label style=\"float:left\">Name<\/label>\n\t<\/p>\n\t<div class=\"wps-form-row\">\n\t\t<div class=\"wps-form-column\">\n\t\t\t<p><span class=\"wpcf7-form-control-wrap\" data-name=\"vorname\"><input size=\"40\" maxlength=\"400\" class=\"wpcf7-form-control wpcf7-text wpcf7-validates-as-required\" aria-required=\"true\" aria-invalid=\"false\" placeholder=\"Vorname*\" value=\"\" type=\"text\" name=\"vorname\" \/><\/span>\n\t\t\t<\/p>\n\t\t<\/div>\n\t\t<div class=\"wps-form-column\">\n\t\t\t<p><span class=\"wpcf7-form-control-wrap\" data-name=\"nachname\"><input size=\"40\" maxlength=\"400\" class=\"wpcf7-form-control wpcf7-text wpcf7-validates-as-required\" aria-required=\"true\" aria-invalid=\"false\" placeholder=\"Nachname*\" value=\"\" type=\"text\" name=\"nachname\" \/><\/span>\n\t\t\t<\/p>\n\t\t<\/div>\n\t<\/div>\n\t<p><label style=\"float:left\">Geburtsdatum<\/label>\n\t<\/p>\n\t<div class=\"wps-form-row\">\n\t\t<div class=\"wps-form-column\">\n\t\t\t<p><span class=\"wpcf7-form-control-wrap\" data-name=\"Geburtsdatum\"><input class=\"wpcf7-form-control wpcf7-date wpcf7-validates-as-date\" aria-invalid=\"false\" placeholder=\"Geburtsdatum*\" value=\"\" type=\"date\" name=\"Geburtsdatum\" \/><\/span>\n\t\t\t<\/p>\n\t\t<\/div>\n\t\t<div class=\"wps-form-column\">\n\t\t<\/div>\n\t<\/div>\n\t<p><label style=\"float:left\">Adresse - Optional<\/label>\n\t<\/p>\n\t<div class=\"wps-form-row\">\n\t\t<div class=\"wps-form-column\">\n\t\t\t<p><span class=\"wpcf7-form-control-wrap\" data-name=\"strasse\"><input size=\"40\" maxlength=\"400\" class=\"wpcf7-form-control wpcf7-text\" aria-invalid=\"false\" placeholder=\"Strasse\" value=\"\" type=\"text\" name=\"strasse\" \/><\/span>\n\t\t\t<\/p>\n\t\t<\/div>\n\t\t<div class=\"wps-form-column\">\n\t\t\t<p><span class=\"wpcf7-form-control-wrap\" data-name=\"hausnummer\"><input size=\"40\" maxlength=\"400\" class=\"wpcf7-form-control wpcf7-text\" aria-invalid=\"false\" placeholder=\"Hausnummer\" value=\"\" type=\"text\" name=\"hausnummer\" \/><\/span>\n\t\t\t<\/p>\n\t\t<\/div>\n\t<\/div>\n\t<div class=\"wps-form-row\">\n\t\t<div class=\"wps-form-column\">\n\t\t\t<p><span class=\"wpcf7-form-control-wrap\" data-name=\"plz\"><input size=\"40\" maxlength=\"400\" class=\"wpcf7-form-control wpcf7-text\" aria-invalid=\"false\" placeholder=\"Postleitzahl\" value=\"\" type=\"text\" name=\"plz\" \/><\/span>\n\t\t\t<\/p>\n\t\t<\/div>\n\t\t<div class=\"wps-form-column\">\n\t\t\t<p><span class=\"wpcf7-form-control-wrap\" data-name=\"ort\"><input size=\"40\" maxlength=\"400\" class=\"wpcf7-form-control wpcf7-text\" aria-invalid=\"false\" placeholder=\"Ort\" value=\"\" type=\"text\" name=\"ort\" \/><\/span>\n\t\t\t<\/p>\n\t\t<\/div>\n\t<\/div>\n\t<p><label style=\"float:left\">Kontakt<\/label>\n\t<\/p>\n\t<div class=\"wps-form-row\">\n\t\t<div class=\"wps-form-column\">\n\t\t\t<p><span class=\"wpcf7-form-control-wrap\" data-name=\"email\"><input size=\"40\" maxlength=\"400\" class=\"wpcf7-form-control wpcf7-email wpcf7-validates-as-required wpcf7-text wpcf7-validates-as-email\" aria-required=\"true\" aria-invalid=\"false\" placeholder=\"Ihre Email Adresse*\" value=\"\" type=\"email\" name=\"email\" \/><\/span>\n\t\t\t<\/p>\n\t\t<\/div>\n\t\t<div class=\"wps-form-column\">\n\t\t\t<p><span class=\"wpcf7-form-control-wrap\" data-name=\"phonePrivate\"><input size=\"40\" maxlength=\"400\" class=\"wpcf7-form-control wpcf7-tel wpcf7-text wpcf7-validates-as-tel\" aria-invalid=\"false\" placeholder=\"Optional - Tel. Privat\" value=\"\" type=\"tel\" name=\"phonePrivate\" \/><\/span>\n\t\t\t<\/p>\n\t\t<\/div>\n\t<\/div>\n\t<div class=\"wps-form-row\">\n\t\t<div class=\"wps-form-column\">\n\t\t\t<p><span class=\"wpcf7-form-control-wrap\" data-name=\"phoneBusiness\"><input size=\"40\" maxlength=\"400\" class=\"wpcf7-form-control wpcf7-tel wpcf7-text wpcf7-validates-as-tel\" aria-invalid=\"false\" placeholder=\"Optional - Tel. Gesch\u00e4ftlich\" value=\"\" type=\"tel\" name=\"phoneBusiness\" \/><\/span>\n\t\t\t<\/p>\n\t\t<\/div>\n\t\t<div class=\"wps-form-column\">\n\t\t\t<p><span class=\"wpcf7-form-control-wrap\" data-name=\"phoneMobile\"><input size=\"40\" maxlength=\"400\" class=\"wpcf7-form-control wpcf7-tel wpcf7-text wpcf7-validates-as-tel\" aria-invalid=\"false\" placeholder=\"Optional - Tel. Mobile\" value=\"\" type=\"tel\" name=\"phoneMobile\" \/><\/span>\n\t\t\t<\/p>\n\t\t<\/div>\n\t<\/div>\n\t<p><label style=\"float:left\">Klinik<\/label>\n\t<\/p>\n\t<div class=\"wps-form-row\">\n\t\t<div class=\"wps-form-column\">\n\t\t\t<p><span class=\"wpcf7-form-control-wrap\" data-name=\"phoneKlinik\"><input size=\"40\" maxlength=\"400\" class=\"wpcf7-form-control wpcf7-tel wpcf7-text wpcf7-validates-as-tel\" aria-invalid=\"false\" placeholder=\"Optional - Tel. Klinik\" value=\"\" type=\"tel\" name=\"phoneKlinik\" \/><\/span>\n\t\t\t<\/p>\n\t\t<\/div>\n\t\t<div class=\"wps-form-column\">\n\t\t<\/div>\n\t<\/div>\n\t<p><label style=\"float:left\">Beantworten Sie bitten die folgenden Fragen so vollst\u00e4ndig wie m\u00f6glich<\/label>\n\t<\/p>\n\t<div class=\"wps-form-row\">\n\t\t<div class=\"wps-form-column\">\n\t\t\t<p>Sind Sie die Person, die einem psychiatrischen Missbrauch ausgesetzt war?\n\t\t\t<\/p>\n\t\t<\/div>\n\t<\/div>\n\t<div class=\"wps-form-row\">\n\t\t<div class=\"wps-form-column\">\n\t\t\t<p>falls <b>JA<\/b>, beantworten Sie bitte folgende Fragen:\n\t\t\t<\/p>\n\t\t<\/div>\n\t<\/div>\n\t<div class=\"wps-form-row\">\n\t\t<div class=\"wps-form-column\">\n\t\t\t<p>Sind Sie derzeit noch in psychiatrischer Behandlung? <span class=\"wpcf7-form-control-wrap\" data-name=\"psychiatrischerBehandlung\"><span class=\"wpcf7-form-control wpcf7-checkbox wpcf7-exclusive-checkbox\"><span class=\"wpcf7-list-item first\"><input type=\"checkbox\" name=\"psychiatrischerBehandlung\" value=\"Ja\" \/><span class=\"wpcf7-list-item-label\">Ja<\/span><\/span><span class=\"wpcf7-list-item last\"><input type=\"checkbox\" name=\"psychiatrischerBehandlung\" value=\"Nein\" \/><span class=\"wpcf7-list-item-label\">Nein<\/span><\/span><\/span><\/span>\n\t\t\t<\/p>\n\t\t<\/div>\n\t<\/div>\n\t<div class=\"wps-form-row\">\n\t\t<div class=\"wps-form-column\">\n\t\t\t<p>Nehmen Sie derzeit Psychopharmaka? <span class=\"wpcf7-form-control-wrap\" data-name=\"Psychopharmaka\"><span class=\"wpcf7-form-control wpcf7-checkbox wpcf7-exclusive-checkbox\"><span class=\"wpcf7-list-item first\"><input type=\"checkbox\" name=\"Psychopharmaka\" value=\"Ja\" \/><span class=\"wpcf7-list-item-label\">Ja<\/span><\/span><span class=\"wpcf7-list-item last\"><input type=\"checkbox\" name=\"Psychopharmaka\" value=\"Nein\" \/><span class=\"wpcf7-list-item-label\">Nein<\/span><\/span><\/span><\/span>\n\t\t\t<\/p>\n\t\t<\/div>\n\t<\/div>\n\t<div class=\"wps-form-row\">\n\t\t<div class=\"wps-form-column\">\n\t\t\t<p>Sind Sie bevormundet? <span class=\"wpcf7-form-control-wrap\" data-name=\"bevormundet\"><span class=\"wpcf7-form-control wpcf7-checkbox wpcf7-exclusive-checkbox\"><span class=\"wpcf7-list-item first\"><input type=\"checkbox\" name=\"bevormundet\" value=\"Ja\" \/><span class=\"wpcf7-list-item-label\">Ja<\/span><\/span><span class=\"wpcf7-list-item last\"><input type=\"checkbox\" name=\"bevormundet\" value=\"Nein\" \/><span class=\"wpcf7-list-item-label\">Nein<\/span><\/span><\/span><\/span>\n\t\t\t<\/p>\n\t\t<\/div>\n\t<\/div>\n\t<div class=\"wps-form-row\">\n\t\t<div class=\"wps-form-column\">\n\t\t\t<p>falls <b>NEIN<\/b>, was ist Ihre Beziehung zu der misshandelten Person?\n\t\t\t<\/p>\n\t\t<\/div>\n\t<\/div>\n\t<div class=\"wps-form-row\">\n\t\t<div class=\"wps-form-column\">\n\t\t\t<p><span class=\"wpcf7-form-control-wrap\" data-name=\"Beziehung\"><input size=\"40\" maxlength=\"400\" class=\"wpcf7-form-control wpcf7-text\" aria-invalid=\"false\" value=\"\" type=\"text\" name=\"Beziehung\" \/><\/span>\n\t\t\t<\/p>\n\t\t<\/div>\n\t<\/div>\n\t<div class=\"wps-form-row\">\n\t\t<div class=\"wps-form-column\">\n\t\t\t<p>Welche <b>Verst\u00f6sse<\/b> wollen Sie berichten? (Bitte Datum, wann dies geschehen ist, auff\u00fchren)\n\t\t\t<\/p>\n\t\t<\/div>\n\t<\/div>\n\t<div class=\"wps-form-row\">\n\t\t<div class=\"wps-form-column\">\n\t\t\t<p><span class=\"wpcf7-form-control-wrap\" data-name=\"Verstoesse\"><textarea cols=\"40\" rows=\"10\" maxlength=\"2000\" class=\"wpcf7-form-control wpcf7-textarea wpcf7-validates-as-required\" aria-required=\"true\" aria-invalid=\"false\" name=\"Verstoesse\"><\/textarea><\/span>\n\t\t\t<\/p>\n\t\t<\/div>\n\t<\/div>\n\t<div class=\"wps-form-row\">\n\t\t<div class=\"wps-form-column\">\n\t\t\t<p>Geben Sie bitte die Namen der Psychiater, Psychologen und\/oder der psychiatrischen<br \/>\nAnstalt(en) an, die an den Verst\u00f6ssen beteiligt waren.\n\t\t\t<\/p>\n\t\t<\/div>\n\t<\/div>\n\t<div class=\"wps-form-row\">\n\t\t<div class=\"wps-form-column\">\n\t\t\t<p><span class=\"wpcf7-form-control-wrap\" data-name=\"Psychiater\"><textarea cols=\"40\" rows=\"10\" maxlength=\"2000\" class=\"wpcf7-form-control wpcf7-textarea wpcf7-validates-as-required\" aria-required=\"true\" aria-invalid=\"false\" name=\"Psychiater\"><\/textarea><\/span>\n\t\t\t<\/p>\n\t\t<\/div>\n\t<\/div>\n\t<div class=\"wps-form-row\">\n\t\t<div class=\"wps-form-column\">\n\t\t\t<p>Wurde die misshandelte Person unter Drogen gesetzt? Wurde ihr Elektrotherapie oder irgend eine andere \u201cTherapie\u201d verabreicht? Wie viel davon und wie oft wurde es verabreicht?\n\t\t\t<\/p>\n\t\t<\/div>\n\t<\/div>\n\t<div class=\"wps-form-row\">\n\t\t<div class=\"wps-form-column\">\n\t\t\t<p><span class=\"wpcf7-form-control-wrap\" data-name=\"misshandeltePersonunterDrogen\"><textarea cols=\"40\" rows=\"10\" maxlength=\"2000\" class=\"wpcf7-form-control wpcf7-textarea wpcf7-validates-as-required\" aria-required=\"true\" aria-invalid=\"false\" name=\"misshandeltePersonunterDrogen\"><\/textarea><\/span>\n\t\t\t<\/p>\n\t\t<\/div>\n\t<\/div>\n\t<div class=\"wps-form-row\">\n\t\t<div class=\"wps-form-column\">\n\t\t\t<p>Wurde die misshandelte Person durch k\u00f6rperlichen Zwang behandelt, in Einsamkeit<br \/>\ngehalten oder mit Gewalttaten bedroht? Was ist genau passiert?\n\t\t\t<\/p>\n\t\t<\/div>\n\t<\/div>\n\t<div class=\"wps-form-row\">\n\t\t<div class=\"wps-form-column\">\n\t\t\t<p><span class=\"wpcf7-form-control-wrap\" data-name=\"misshandeltePersonZwang\"><textarea cols=\"40\" rows=\"10\" maxlength=\"2000\" class=\"wpcf7-form-control wpcf7-textarea wpcf7-validates-as-required\" aria-required=\"true\" aria-invalid=\"false\" name=\"misshandeltePersonZwang\"><\/textarea><\/span>\n\t\t\t<\/p>\n\t\t<\/div>\n\t<\/div>\n\t<div class=\"wps-form-row\">\n\t\t<div class=\"wps-form-column\">\n\t\t\t<p>Wurde das Opfer entlassen? Falls ja, was wurde als Grund f\u00fcr die Entlassung angegeben?\n\t\t\t<\/p>\n\t\t<\/div>\n\t<\/div>\n\t<div class=\"wps-form-row\">\n\t\t<div class=\"wps-form-column\">\n\t\t\t<p><span class=\"wpcf7-form-control-wrap\" data-name=\"OpferEntlassen\"><textarea cols=\"40\" rows=\"10\" maxlength=\"2000\" class=\"wpcf7-form-control wpcf7-textarea wpcf7-validates-as-required\" aria-required=\"true\" aria-invalid=\"false\" name=\"OpferEntlassen\"><\/textarea><\/span>\n\t\t\t<\/p>\n\t\t<\/div>\n\t<\/div>\n\t<div class=\"wps-form-row\">\n\t\t<div class=\"wps-form-column\">\n\t\t\t<p>Haben Sie oder das Opfer einen Rechtsanwalt herangezogen? Falls ja, wer ist es?\n\t\t\t<\/p>\n\t\t<\/div>\n\t<\/div>\n\t<div class=\"wps-form-row\">\n\t\t<div class=\"wps-form-column\">\n\t\t\t<p><span class=\"wpcf7-form-control-wrap\" data-name=\"OpfereinenRechtsanwaltherangezogen\"><textarea cols=\"40\" rows=\"10\" maxlength=\"2000\" class=\"wpcf7-form-control wpcf7-textarea\" aria-invalid=\"false\" name=\"OpfereinenRechtsanwaltherangezogen\"><\/textarea><\/span>\n\t\t\t<\/p>\n\t\t<\/div>\n\t<\/div>\n\t<div class=\"wps-form-row\">\n\t\t<div class=\"wps-form-column\">\n\t\t\t<p>Haben Sie oder das Opfer eine Klage wegen Missbrauchs eingereicht? Falls ja, an welche Institutionen oder Organisationen wurde diese Klage geben?\n\t\t\t<\/p>\n\t\t<\/div>\n\t<\/div>\n\t<div class=\"wps-form-row\">\n\t\t<div class=\"wps-form-column\">\n\t\t\t<p><span class=\"wpcf7-form-control-wrap\" data-name=\"OpfereineKlagewegenMissbrauchseingereicht\"><textarea cols=\"40\" rows=\"10\" maxlength=\"2000\" class=\"wpcf7-form-control wpcf7-textarea\" aria-invalid=\"false\" name=\"OpfereineKlagewegenMissbrauchseingereicht\"><\/textarea><\/span>\n\t\t\t<\/p>\n\t\t<\/div>\n\t<\/div>\n\t<p><label style=\"float:left\">Hiermit erkl\u00e4re ich, die obigen Angaben wahrheitsgetreu berichtet zu haben<\/label>\n\t<\/p>\n\t<div class=\"wps-form-row\">\n\t\t<div class=\"wps-form-column\">\n\t\t\t<p><span class=\"wpcf7-form-control-wrap\" data-name=\"OrtDatum\"><input size=\"40\" maxlength=\"400\" class=\"wpcf7-form-control wpcf7-text wpcf7-validates-as-required\" aria-required=\"true\" aria-invalid=\"false\" placeholder=\"Ort, Datum*\" value=\"\" type=\"text\" name=\"OrtDatum\" \/><\/span>\n\t\t\t<\/p>\n\t\t<\/div>\n\t\t<div class=\"wps-form-column\">\n\t\t\t<p><span class=\"wpcf7-form-control-wrap\" data-name=\"Unterschrift\"><input size=\"40\" maxlength=\"400\" class=\"wpcf7-form-control wpcf7-text wpcf7-validates-as-required\" aria-required=\"true\" aria-invalid=\"false\" placeholder=\"Unterschrift in Blockschrift*\" value=\"\" type=\"text\" name=\"Unterschrift\" \/><\/span>\n\t\t\t<\/p>\n\t\t<\/div>\n\t<\/div>\n\t<div class=\"wps-form-row\">\n\t\t<div class=\"wps-form-column\">\n\t\t\t<p>Darf CCHR die Daten f\u00fcr Ver\u00f6ffentlichungen verwenden, wenn wir Ihren Namen nicht erw\u00e4hnen? <span class=\"wpcf7-form-control-wrap\" data-name=\"CCHRDatenVeroeffentlichungen\"><span class=\"wpcf7-form-control wpcf7-checkbox wpcf7-validates-as-required wpcf7-exclusive-checkbox\"><span class=\"wpcf7-list-item first\"><input type=\"checkbox\" name=\"CCHRDatenVeroeffentlichungen\" value=\"Ja\" \/><span class=\"wpcf7-list-item-label\">Ja<\/span><\/span><span class=\"wpcf7-list-item last\"><input type=\"checkbox\" name=\"CCHRDatenVeroeffentlichungen\" value=\"Nein\" \/><span class=\"wpcf7-list-item-label\">Nein<\/span><\/span><\/span><\/span>\n\t\t\t<\/p>\n\t\t<\/div>\n\t<\/div>\n\t<div class=\"wps-form-row\">\n\t\t<div class=\"wps-form-column\">\n\t\t\t<p>Darf CCHR die Daten mit Ihrem Namen f\u00fcr Ver\u00f6ffentlichungen an die Medien, Untersuchungs-aussch\u00fcssen, Beh\u00f6rden, etc. verwenden? <span class=\"wpcf7-form-control-wrap\" data-name=\"CCHR\"><span class=\"wpcf7-form-control wpcf7-checkbox wpcf7-validates-as-required wpcf7-exclusive-checkbox\"><span class=\"wpcf7-list-item first\"><input type=\"checkbox\" name=\"CCHR\" value=\"Ja\" \/><span class=\"wpcf7-list-item-label\">Ja<\/span><\/span><span class=\"wpcf7-list-item last\"><input type=\"checkbox\" name=\"CCHR\" value=\"Nein\" \/><span class=\"wpcf7-list-item-label\">Nein<\/span><\/span><\/span><\/span>\n\t\t\t<\/p>\n\t\t<\/div>\n\t<\/div>\n<\/div>\n<p><span id=\"wpcf7-69f0c1bcc3af1-wrapper\" class=\"wpcf7-form-control-wrap website-wrap\" ><input type=\"hidden\" name=\"website-time-start\" value=\"1777385916\"><input type=\"hidden\" name=\"website-time-check\" value=\"30\"><label for=\"wpcf7-69f0c1bcc3af1-field\" class=\"hp-message\">Please leave this field empty.<\/label><input id=\"wpcf7-69f0c1bcc3af1-field\"  class=\"wpcf7-form-control wpcf7-text\" type=\"text\" name=\"website\" value=\"\" size=\"40\" tabindex=\"-1\" autocomplete=\"new-password\" \/><\/span>\n<\/p>\n<p><input class=\"wpcf7-form-control wpcf7-submit has-spinner\" type=\"submit\" value=\"Senden\" \/>\n<\/p><p style=\"display: none !important;\" class=\"akismet-fields-container\" data-prefix=\"_wpcf7_ak_\"><label>&#916;<textarea name=\"_wpcf7_ak_hp_textarea\" cols=\"45\" rows=\"8\" maxlength=\"100\"><\/textarea><\/label><input type=\"hidden\" id=\"ak_js_1\" name=\"_wpcf7_ak_js\" value=\"154\"\/><script type=\"text\/javascript\">\n\/* <![CDATA[ *\/\ndocument.getElementById( \"ak_js_1\" ).setAttribute( \"value\", ( new Date() ).getTime() );\n\/* ]]> *\/\n<\/script>\n<\/p><div class=\"wpcf7-response-output\" aria-hidden=\"true\"><\/div>\n<\/form>\n<\/div>\n<\/div><\/div><\/div><div class=\"wpb_column vc_column_container vc_col-sm-3  col-xs-mobile-fullwidth\"><div class=\"vc_column-inner \"><div class=\"wpb_wrapper\"><\/div><\/div><\/div><\/div><\/div><\/div><\/div><\/section><div class=\"vc_row-full-width vc_clearfix\"><\/div>\n","protected":false},"excerpt":{"rendered":"Citizens Commission on Human RightsPSYCHIATRISCHER MISSBRAUCHSBERICHTVielen Dank, dass Sie die Citizens Commission on Human Rights, CCHR, kontaktiert haben. Ihre Antwort ist sehr gesch\u00e4tzt. Ohne den Mut und die Hilfe von Leuten wie Ihnen w\u00e4re es uns nicht m\u00f6glich gewesen, unseren Kampf gegen die Verst\u00f6\u00dfe der Menschenrechte, die im psychiatrischen System vorherrschen, so erfolgreich fortzuf\u00fchren. In jeder Situation kann etwas getan werden. Wie unsere Organisation wieder und wieder zeigt, k\u00f6nnen Ihre Rechte gesch\u00fctzt werden. Der erste Schritt besteht darin, das Unrecht und die Menschenrechts-Verst\u00f6sse zu berichten. F\u00fcllen Sie bitte den beiliegenden Fragebogen so vollst\u00e4ndig wie m\u00f6glich aus, um uns darin zu helfen, Ihnen beizustehen. Sollten Sie weitere Informationen haben, die Sie uns mitteilen m\u00f6chten, verwenden Sie bitte zus\u00e4tzliches Papier. Nachdem dieses Formular \u00fcberpr\u00fcft worden ist, wird ein Vertreter unseres B\u00fcros Sie entweder kontaktieren oder mit einem Brief den Erhalt Ihrer Daten best\u00e4tigen und Sie \u00fcber den n\u00e4chsten Schritt, der in Ihrem Fall unternommen werden kann, informieren. Alle Informationen werden streng vertraulich behandelt, falls Sie keine Erlaubnis zur Ver\u00f6ffentlichung erteilt haben. Beachten Sie bitte, dass CCHR keine medizinischen oder rechtlichen Ratschl\u00e4ge erteilt. FORMULAR Name Geburtsdatum Adresse - Optional Kontakt Klinik Beantworten Sie bitten die folgenden Fragen so vollst\u00e4ndig wie m\u00f6glich Sind Sie...","protected":false},"author":1,"featured_media":0,"parent":0,"menu_order":0,"comment_status":"closed","ping_status":"closed","template":"","meta":{"footnotes":""},"class_list":["post-22429","page","type-page","status-publish","hentry"],"jetpack_sharing_enabled":true,"_links":{"self":[{"href":"https:\/\/cchr.ch\/index.php?rest_route=\/wp\/v2\/pages\/22429","targetHints":{"allow":["GET"]}}],"collection":[{"href":"https:\/\/cchr.ch\/index.php?rest_route=\/wp\/v2\/pages"}],"about":[{"href":"https:\/\/cchr.ch\/index.php?rest_route=\/wp\/v2\/types\/page"}],"author":[{"embeddable":true,"href":"https:\/\/cchr.ch\/index.php?rest_route=\/wp\/v2\/users\/1"}],"replies":[{"embeddable":true,"href":"https:\/\/cchr.ch\/index.php?rest_route=%2Fwp%2Fv2%2Fcomments&post=22429"}],"version-history":[{"count":15,"href":"https:\/\/cchr.ch\/index.php?rest_route=\/wp\/v2\/pages\/22429\/revisions"}],"predecessor-version":[{"id":23154,"href":"https:\/\/cchr.ch\/index.php?rest_route=\/wp\/v2\/pages\/22429\/revisions\/23154"}],"wp:attachment":[{"href":"https:\/\/cchr.ch\/index.php?rest_route=%2Fwp%2Fv2%2Fmedia&parent=22429"}],"curies":[{"name":"wp","href":"https:\/\/api.w.org\/{rel}","templated":true}]}}